{"id":347,"date":"2021-09-20T20:05:10","date_gmt":"2021-09-20T20:05:10","guid":{"rendered":"http:\/\/dapenalaw.com\/Espanol\/?page_id=347"},"modified":"2024-12-11T16:36:53","modified_gmt":"2024-12-11T16:36:53","slug":"wrongful-death-espanol","status":"publish","type":"page","link":"https:\/\/dapenalaw.com\/Espanol\/wrongful-death-espanol\/","title":{"rendered":"Wrongful Death \u2013 Espanol"},"content":{"rendered":"<div  class=\"tatsu-HJtS7Vfdd tatsu-section  tatsu-parallax tatsu-section-custom-height   tatsu-clearfix\" data-title=\"\"  data-headerscheme=\"background--dark\"><div class = \"tatsu-custom-height-wrap\"><div class='tatsu-section-pad clearfix' data-padding='{\"d\":\"100px 0px 100px 0px\"}' data-padding-top='100px'><div class=\"tatsu-row-wrap  tatsu-wrap tatsu-row-one-col tatsu-row-has-one-cols tatsu-medium-gutter tatsu-reg-cols  tatsu-clearfix tatsu-B1gtHm4zOd\" ><div  class=\"tatsu-row \" ><div  class=\"tatsu-column  tatsu-column-no-bg tatsu-one-col tatsu-column-image-none tatsu-column-effect-none  tatsu-SkZKrm4GOd\"  data-parallax-speed=\"0\" style=\"\"><div class=\"tatsu-column-inner \" ><div class=\"tatsu-column-pad-wrap\"><div class=\"tatsu-column-pad\" ><div  class=\"tatsu-module tatsu-text-block-wrap tatsu-S1whXVf_d  \"><div class=\"tatsu-text-inner tatsu-align-center tatsu-animate clearfix\" data-animation=\"fadeInUp\"  ><style>.tatsu-S1whXVf_d.tatsu-text-block-wrap .tatsu-text-inner{width: 100%;text-align: left;}<\/style>\n<h1 style=\"text-align: center;\"><span style=\"color: #ffffff;\">Muerta Injusta<\/span><\/h1>\n<\/div><\/div><div  class=\"tatsu-single-image tatsu-module tatsu-animate tatsu-image-lazyload tatsu-external-image tatsu-rJhBqVOqu  \" data-animation=\"fadeInLeftBig\"  ><div class=\"tatsu-single-image-inner \" style=\"\" ><div class = \"tatsu-single-image-padding-wrap\" style = \"\" ><\/div><img class = \"tatsu-gradient-border\" data-src = \"https:\/\/dapenalaw.com\/Espanol\/wp-content\/uploads\/2021\/06\/graphic.png\" alt =\" \"  src =\"data:image\/png;base64,iVBORw0KGgoAAAANSUhEUgAAAAEAAAABCAQAAAC1HAwCAAAAC0lEQVR42mNkYAAAAAYAAjCB0C8AAAAASUVORK5CYII=\"  \/><\/div><style>.tatsu-rJhBqVOqu .tatsu-single-image-inner{border-style: solid;max-width: 100%;}.tatsu-rJhBqVOqu.tatsu-single-image{transform: translate3d(0px,0px, 0);}<\/style><\/div><\/div><\/div><div class = \"tatsu-column-bg-image-wrap\"><div class = \"tatsu-column-bg-image\" ><\/div><\/div><\/div><style>.tatsu-row > .tatsu-SkZKrm4GOd.tatsu-column{width: 100%;}.tatsu-SkZKrm4GOd.tatsu-column > .tatsu-column-inner > .tatsu-column-overlay{mix-blend-mode: none;}.tatsu-SkZKrm4GOd > .tatsu-column-inner > .tatsu-top-divider{z-index: 9999;}.tatsu-SkZKrm4GOd > .tatsu-column-inner > .tatsu-bottom-divider{z-index: 9999;}.tatsu-SkZKrm4GOd > .tatsu-column-inner > .tatsu-left-divider{z-index: 9999;}.tatsu-SkZKrm4GOd > .tatsu-column-inner > .tatsu-right-divider{z-index: 9999;}<\/style><\/div><\/div><\/div><\/div><div class=\"tatsu-section-background-wrap tatsu-parallax-element-wrap\"><div class = \"tatsu-section-background tatsu-parallax-element\" ><\/div><\/div><\/div><style>.tatsu-HJtS7Vfdd.tatsu-section{background-color: rgba(0,0,0,1);}.tatsu-HJtS7Vfdd .tatsu-section-background{background-image: url(http:\/\/dapenalaw.com\/Espanol\/wp-content\/uploads\/2021\/05\/hero_2.jpg);background-repeat: no-repeat;background-attachment: scroll;background-position: center center;background-size: cover;}.tatsu-HJtS7Vfdd .tatsu-bg-blur{background-repeat: no-repeat;background-attachment: scroll;background-position: center center;background-size: cover;}.tatsu-HJtS7Vfdd .tatsu-section-pad{padding: 100px 0px 100px 0px;}.tatsu-HJtS7Vfdd > .tatsu-bottom-divider{z-index: 9999;}.tatsu-HJtS7Vfdd > .tatsu-top-divider{z-index: 9999;}.tatsu-HJtS7Vfdd .tatsu-custom-height-wrap{align-items: center;min-height: 65vh;}<\/style><\/div><div  class=\"tatsu-SkZ74fNzdO tatsu-section  tatsu-bg-overlay   tatsu-clearfix\" data-title=\"\"  data-headerscheme=\"background--dark\"><div class='tatsu-section-pad clearfix' data-padding='{\"d\":\"90px 0px 90px 0px\"}' data-padding-top='90px'><div class=\"tatsu-row-wrap  tatsu-wrap tatsu-row-one-col tatsu-row-has-one-cols tatsu-medium-gutter tatsu-reg-cols  tatsu-clearfix tatsu-H1xXVM4Gdd\" ><div  class=\"tatsu-row \" ><div  class=\"tatsu-column  tatsu-bg-overlay tatsu-one-col tatsu-column-image-none tatsu-column-effect-none  tatsu-rymVGEzuu\"  data-parallax-speed=\"0\" style=\"\"><div class=\"tatsu-column-inner \" ><div class=\"tatsu-column-pad-wrap\"><div class=\"tatsu-column-pad\" ><div  class=\"tatsu-module tatsu-text-block-wrap tatsu-SymSfNzOu  \"><div class=\"tatsu-text-inner tatsu-align-center tatsu-animate clearfix\" data-animation=\"fadeIn\"  ><style>.tatsu-SymSfNzOu.tatsu-text-block-wrap .tatsu-text-inner{width: 100%;text-align: left;}<\/style>\n<h4><span style=\"color: #ffffff;\">Perder a un ser querido debido a la negligencia de otra persona puede tener un impacto devastador en la vida de una familia. Este tipo de p\u00e9rdida suele generar gastos significativos, como cuentas m\u00e9dicas y costos funerarios. Adem\u00e1s, los familiares pueden enfrentar angustia emocional, dolor y sufrimiento, p\u00e9rdida de ingresos y la ausencia de beneficios. Si ha perdido a un ser querido por la negligencia de otra persona, estamos aqu\u00ed para ayudarle.<\/span><\/h4>\n<\/div><\/div><\/div><\/div><div class = \"tatsu-column-bg-image-wrap\"><div class = \"tatsu-column-bg-image\" ><\/div><\/div><div class=\"tatsu-overlay tatsu-column-overlay tatsu-animate-none\" ><\/div><\/div><style>.tatsu-row > .tatsu-rymVGEzuu.tatsu-column{width: 100%;}.tatsu-rymVGEzuu.tatsu-column > .tatsu-column-inner > .tatsu-column-overlay{mix-blend-mode: normal;}.tatsu-rymVGEzuu > .tatsu-column-inner > .tatsu-top-divider{z-index: 9999;}.tatsu-rymVGEzuu > .tatsu-column-inner > .tatsu-bottom-divider{z-index: 9999;}.tatsu-rymVGEzuu > .tatsu-column-inner > .tatsu-left-divider{z-index: 9999;}.tatsu-rymVGEzuu > .tatsu-column-inner > .tatsu-right-divider{z-index: 9999;}@media only screen and (max-width:1377px) {.tatsu-row > .tatsu-rymVGEzuu.tatsu-column{width: 100%;}}@media only screen and (min-width:768px) and (max-width: 1024px) {.tatsu-row > .tatsu-rymVGEzuu.tatsu-column{width: 100%;}}@media only screen and (max-width: 767px) {.tatsu-row > .tatsu-rymVGEzuu.tatsu-column{width: 100%;}}<\/style><\/div><\/div><\/div><\/div><div class=\"tatsu-section-background-wrap\"><div class = \"tatsu-section-background\" ><\/div><\/div><div class=\"tatsu-overlay tatsu-section-overlay\"><\/div><style>.tatsu-SkZ74fNzdO.tatsu-section{background-color: rgba(0,0,0,1);}.tatsu-SkZ74fNzdO .tatsu-section-pad{padding: 90px 0px 90px 0px;}.tatsu-SkZ74fNzdO .tatsu-section-offset-wrap{transform: translateY(-0px);}.tatsu-SkZ74fNzdO > .tatsu-bottom-divider{z-index: 9999;}.tatsu-SkZ74fNzdO > .tatsu-top-divider{z-index: 9999;}.tatsu-SkZ74fNzdO .tatsu-section-overlay{mix-blend-mode: normal;}<\/style><\/div><div  class=\"tatsu-S1W4ufEfdu tatsu-section  tatsu-bg-overlay   tatsu-clearfix\" data-title=\"\"  data-headerscheme=\"background--dark\"><div class='tatsu-section-pad clearfix' data-padding='{\"d\":\"90px 0px 90px 0px\"}' data-padding-top='90px'><div class=\"tatsu-row-wrap  tatsu-wrap tatsu-row-one-col tatsu-row-has-one-cols tatsu-medium-gutter tatsu-reg-cols  tatsu-clearfix tatsu-rygWJy1CFn\" ><div  class=\"tatsu-row \" ><div  class=\"tatsu-column  tatsu-bg-overlay tatsu-one-col tatsu-column-image-none tatsu-column-effect-none  tatsu-HkWJy1AYh\"  data-parallax-speed=\"0\" style=\"\"><div class=\"tatsu-column-inner \" ><div class=\"tatsu-column-pad-wrap\"><div class=\"tatsu-column-pad\" ><div  class=\"tatsu-module tatsu-video tatsu-hosted-wrap tatsu-rkYkyy0Fh   \" ><video  width = \"100%\" controls controlsList=\"nodownload\" poster = \"\"    ><source src=\"http:\/\/dapenalaw.com\/death_720.mov\" type=\"video\/mp4\"><\/video><\/div><\/div><\/div><div class = \"tatsu-column-bg-image-wrap\"><div class = \"tatsu-column-bg-image\" ><\/div><\/div><div class=\"tatsu-overlay tatsu-column-overlay tatsu-animate-none\" ><\/div><\/div><style>.tatsu-row > .tatsu-HkWJy1AYh.tatsu-column{width: 100%;}.tatsu-HkWJy1AYh.tatsu-column > .tatsu-column-inner > .tatsu-column-overlay{mix-blend-mode: normal;}.tatsu-HkWJy1AYh > .tatsu-column-inner > .tatsu-top-divider{z-index: 9999;}.tatsu-HkWJy1AYh > .tatsu-column-inner > .tatsu-bottom-divider{z-index: 9999;}.tatsu-HkWJy1AYh > .tatsu-column-inner > .tatsu-left-divider{z-index: 9999;}.tatsu-HkWJy1AYh > .tatsu-column-inner > .tatsu-right-divider{z-index: 9999;}@media only screen and (max-width:1377px) {.tatsu-row > .tatsu-HkWJy1AYh.tatsu-column{width: 100%;}}@media only screen and (min-width:768px) and (max-width: 1024px) {.tatsu-row > .tatsu-HkWJy1AYh.tatsu-column{width: 100%;}}@media only screen and (max-width: 767px) {.tatsu-row > .tatsu-HkWJy1AYh.tatsu-column{width: 100%;}}<\/style><\/div><\/div><\/div><div class=\"tatsu-row-wrap  tatsu-wrap tatsu-row-has-one-half tatsu-row-has-two-cols tatsu-medium-gutter tatsu-reg-cols  tatsu-clearfix tatsu-ryl4dG4MOO\" ><div  class=\"tatsu-row \" ><div  class=\"tatsu-column  tatsu-bg-overlay tatsu-one-half tatsu-column-image-none tatsu-column-effect-none  tatsu-ByWKfNG_O\"  data-parallax-speed=\"0\" style=\"\"><div class=\"tatsu-column-inner \" ><div class=\"tatsu-column-pad-wrap\"><div class=\"tatsu-column-pad\" ><div  class=\"tatsu-module tatsu-text-block-wrap tatsu-Bk2tfEzdO  \"><div class=\"tatsu-text-inner tatsu-align-center tatsu-animate clearfix\" data-animation=\"fadeInLeft\"  ><style>.tatsu-Bk2tfEzdO.tatsu-text-block-wrap .tatsu-text-inner{width: 100%;text-align: left;}<\/style>\n<h5>En DAPENALAW comprendemos lo dif\u00edcil y frustrante que puede resultar tratar de comunicarse con las compa\u00f1\u00edas de seguros y navegar a trav\u00e9s de los aspectos legales involucrados. Desde el primer momento que usted nos contrata nosotros nos encargamos de proveerle con la asistencia que usted necesita para obtener la maxima compensaci\u00f3n por sus perdidas. Ademas lo podemos asistir en el proceso de reclamo por los da\u00f1os o perdida de su veh\u00edculo como una cortes\u00eda a nuestros clientes.<\/h5>\n<h5>DAPENALAW representa clientes por todo el estado de la Florida que han sostenido da\u00f1os fisicos debido a la negligencia de otra persona y a familiares que han sufrido la perdida de un ser querido.<\/h5>\n<\/div><\/div><div  class=\"tatsu-module tatsu-text-block-wrap tatsu-HkIoMNMOd  \"><div class=\"tatsu-text-inner tatsu-align-center tatsu-animate clearfix\" data-animation=\"fadeInLeft\"  ><style>.tatsu-HkIoMNMOd.tatsu-text-block-wrap .tatsu-text-inner{width: 100%;text-align: left;}<\/style>\n<h5>Atendemos los siguientes casos:<\/h5>\n<ul>\n<li>\n<h5>Los accidentes de autom\u00f3viles<\/h5>\n<\/li>\n<li>\n<h5>Accidentes de motocicleta<\/h5>\n<\/li>\n<li>\n<h5>Accidentes de camiones<\/h5>\n<\/li>\n<li>\n<h5>Caidas y resbalones<\/h5>\n<\/li>\n<li>\n<h5>Da\u00f1os cerebrales<\/h5>\n<\/li>\n<li>\n<h5>Accidentes en el trabajo<\/h5>\n<\/li>\n<li>\n<h5>Accidentes en una piscina\/trampolin<\/h5>\n<\/li>\n<li>\n<h5>Lesiones catastroficas<\/h5>\n<\/li>\n<li>\n<h5>Muerte injusta<\/h5>\n<\/li>\n<li>\n<h5>Accidentes en barcos o cruceros<\/h5>\n<\/li>\n<li>\n<h5>Negligencia m\u00e9dica<\/h5>\n<\/li>\n<\/ul>\n<\/div><\/div><\/div><\/div><div class = \"tatsu-column-bg-image-wrap\"><div class = \"tatsu-column-bg-image\" ><\/div><\/div><div class=\"tatsu-overlay tatsu-column-overlay tatsu-animate-none\" ><\/div><\/div><style>.tatsu-row > .tatsu-ByWKfNG_O.tatsu-column{width: 50%;}.tatsu-ByWKfNG_O.tatsu-column > .tatsu-column-inner > .tatsu-column-overlay{mix-blend-mode: normal;}.tatsu-ByWKfNG_O > .tatsu-column-inner > .tatsu-top-divider{z-index: 9999;}.tatsu-ByWKfNG_O > .tatsu-column-inner > .tatsu-bottom-divider{z-index: 9999;}.tatsu-ByWKfNG_O > .tatsu-column-inner > .tatsu-left-divider{z-index: 9999;}.tatsu-ByWKfNG_O > .tatsu-column-inner > .tatsu-right-divider{z-index: 9999;}@media only screen and (max-width:1377px) {.tatsu-row > .tatsu-ByWKfNG_O.tatsu-column{width: 50%;}}@media only screen and (min-width:768px) and (max-width: 1024px) {.tatsu-row > .tatsu-ByWKfNG_O.tatsu-column{width: 50%;}}@media only screen and (max-width: 767px) {.tatsu-row > .tatsu-ByWKfNG_O.tatsu-column{width: 100%;}}<\/style><\/div><div  class=\"tatsu-column  tatsu-bg-overlay tatsu-one-half tatsu-column-image-none tatsu-column-effect-none  tatsu-Skx-tGEzd_\"  data-parallax-speed=\"0\" style=\"\"><div class=\"tatsu-column-inner \" ><div class=\"tatsu-column-pad-wrap\"><div class=\"tatsu-column-pad\" ><div  class=\"tatsu-single-image tatsu-module tatsu-animate tatsu-image-lazyload tatsu-external-image tatsu-B1uzcR6Fn  \" data-animation=\"fadeInRight\"  ><div class=\"tatsu-single-image-inner \" style=\"\" ><div class = \"tatsu-single-image-padding-wrap\" style = \"\" ><\/div><img class = \"tatsu-gradient-border\" data-src = \"https:\/\/dapenalaw.com\/Espanol\/wp-content\/uploads\/2023\/07\/dl_death.jpg\" alt =\" \"  src =\"data:image\/png;base64,iVBORw0KGgoAAAANSUhEUgAAAAEAAAABCAQAAAC1HAwCAAAAC0lEQVR42mNkYAAAAAYAAjCB0C8AAAAASUVORK5CYII=\"  \/><\/div><style>.tatsu-B1uzcR6Fn .tatsu-single-image-inner{border-style: solid;max-width: 100%;}.tatsu-B1uzcR6Fn.tatsu-single-image{transform: translate3d(0px,0px, 0);}<\/style><\/div><\/div><\/div><div class = \"tatsu-column-bg-image-wrap\"><div class = \"tatsu-column-bg-image\" ><\/div><\/div><div class=\"tatsu-overlay tatsu-column-overlay tatsu-animate-none\" ><\/div><\/div><style>.tatsu-row > .tatsu-Skx-tGEzd_.tatsu-column{width: 50%;}.tatsu-Skx-tGEzd_.tatsu-column > .tatsu-column-inner > .tatsu-column-overlay{mix-blend-mode: normal;}.tatsu-Skx-tGEzd_ > .tatsu-column-inner > .tatsu-top-divider{z-index: 9999;}.tatsu-Skx-tGEzd_ > .tatsu-column-inner > .tatsu-bottom-divider{z-index: 9999;}.tatsu-Skx-tGEzd_ > .tatsu-column-inner > .tatsu-left-divider{z-index: 9999;}.tatsu-Skx-tGEzd_ > .tatsu-column-inner > .tatsu-right-divider{z-index: 9999;}@media only screen and (max-width:1377px) {.tatsu-row > .tatsu-Skx-tGEzd_.tatsu-column{width: 50%;}}@media only screen and (min-width:768px) and (max-width: 1024px) {.tatsu-row > .tatsu-Skx-tGEzd_.tatsu-column{width: 50%;}}@media only screen and (max-width: 767px) {.tatsu-row > .tatsu-Skx-tGEzd_.tatsu-column{width: 100%;}}<\/style><\/div><\/div><\/div><\/div><div class=\"tatsu-section-background-wrap\"><div class = \"tatsu-section-background\" ><\/div><\/div><div class=\"tatsu-overlay tatsu-section-overlay\"><\/div><style>.tatsu-S1W4ufEfdu .tatsu-section-pad{padding: 90px 0px 90px 0px;}.tatsu-S1W4ufEfdu .tatsu-section-offset-wrap{transform: translateY(-0px);}.tatsu-S1W4ufEfdu > .tatsu-bottom-divider{z-index: 9999;}.tatsu-S1W4ufEfdu > .tatsu-top-divider{z-index: 9999;}.tatsu-S1W4ufEfdu .tatsu-section-overlay{mix-blend-mode: normal;}<\/style><\/div><div  class=\"tatsu-BkWBX1HMOu tatsu-section  tatsu-bg-overlay   tatsu-clearfix\" data-title=\"\"  data-headerscheme=\"background--dark\"><div class='tatsu-section-pad clearfix' data-padding='{\"d\":\"90px 0px 90px 0px\"}' data-padding-top='90px'><div class=\"tatsu-row-wrap  tatsu-wrap tatsu-row-one-col tatsu-row-has-one-cols tatsu-medium-gutter tatsu-reg-cols  tatsu-clearfix tatsu-rkgBX1BGdu\" ><div  class=\"tatsu-row \" ><div  class=\"tatsu-column  tatsu-bg-overlay tatsu-one-col tatsu-column-image-none tatsu-column-effect-none  tatsu-SkrXJBGu_\"  data-parallax-speed=\"0\" style=\"\"><div class=\"tatsu-column-inner \" ><div class=\"tatsu-column-pad-wrap\"><div class=\"tatsu-column-pad\" ><div  class=\"tatsu-module tatsu-text-block-wrap tatsu-SJYQJHzu_  \"><div class=\"tatsu-text-inner tatsu-align-center  clearfix\" ><style>.tatsu-SJYQJHzu_.tatsu-text-block-wrap .tatsu-text-inner{width: 85%;text-align: left;}<\/style>\n<h4 style=\"text-align: center;\">Independientemente de las circunstancias asociadas con su accidente, DAPENALAW\u00a0proporcionara con una evaluaci\u00f3n realista de sus opciones legales y le indicara cuales pasos usted debe tomar para facilitar el proceso.<\/h4>\n<h5 style=\"text-align: center;\">Si desea coordinar una cita inicial gratis para reunirse con el abogado sobre su caso de accidente, por favor llame a la oficina mas cercana, o envienos un mensaje a nuestro correo electronico.<\/h5>\n<\/div><\/div><\/div><\/div><div class = \"tatsu-column-bg-image-wrap\"><div class = \"tatsu-column-bg-image\" ><\/div><\/div><div class=\"tatsu-overlay tatsu-column-overlay tatsu-animate-none\" ><\/div><\/div><style>.tatsu-row > .tatsu-SkrXJBGu_.tatsu-column{width: 100%;}.tatsu-SkrXJBGu_.tatsu-column > .tatsu-column-inner > .tatsu-column-overlay{mix-blend-mode: normal;}.tatsu-SkrXJBGu_ > .tatsu-column-inner > .tatsu-top-divider{z-index: 9999;}.tatsu-SkrXJBGu_ > .tatsu-column-inner > .tatsu-bottom-divider{z-index: 9999;}.tatsu-SkrXJBGu_ > .tatsu-column-inner > .tatsu-left-divider{z-index: 9999;}.tatsu-SkrXJBGu_ > .tatsu-column-inner > .tatsu-right-divider{z-index: 9999;}@media only screen and (max-width:1377px) {.tatsu-row > .tatsu-SkrXJBGu_.tatsu-column{width: 100%;}}@media only screen and (min-width:768px) and (max-width: 1024px) {.tatsu-row > .tatsu-SkrXJBGu_.tatsu-column{width: 100%;}}@media only screen and (max-width: 767px) {.tatsu-row > .tatsu-SkrXJBGu_.tatsu-column{width: 100%;}}<\/style><\/div><\/div><\/div><\/div><div class=\"tatsu-section-background-wrap\"><div class = \"tatsu-section-background\" ><\/div><\/div><div class=\"tatsu-overlay tatsu-section-overlay\"><\/div><style>.tatsu-BkWBX1HMOu.tatsu-section{background-color: rgba(238,238,238,1);}.tatsu-BkWBX1HMOu .tatsu-section-pad{padding: 90px 0px 90px 0px;}.tatsu-BkWBX1HMOu .tatsu-section-offset-wrap{transform: translateY(-0px);}.tatsu-BkWBX1HMOu > .tatsu-bottom-divider{z-index: 9999;}.tatsu-BkWBX1HMOu > .tatsu-top-divider{z-index: 9999;}.tatsu-BkWBX1HMOu .tatsu-section-overlay{mix-blend-mode: normal;}<\/style><\/div><div  class=\"tatsu-HkWsuyBMuO tatsu-section  tatsu-bg-overlay   tatsu-clearfix\" data-title=\"\"  data-headerscheme=\"background--dark\"><div class='tatsu-section-pad clearfix' data-padding='{\"d\":\"90px 0px 90px 0px\"}' data-padding-top='90px'><div class=\"tatsu-row-wrap  tatsu-wrap tatsu-row-one-col tatsu-row-has-one-cols tatsu-medium-gutter tatsu-reg-cols  tatsu-clearfix tatsu-HygjdkSz_u\" ><div  class=\"tatsu-row \" ><div  class=\"tatsu-column  tatsu-bg-overlay tatsu-one-col tatsu-column-image-none tatsu-column-effect-none  tatsu-Hks_kSfuu\"  data-parallax-speed=\"0\" style=\"\"><div class=\"tatsu-column-inner \" ><div class=\"tatsu-column-pad-wrap\"><div class=\"tatsu-column-pad\" ><div  class=\"tatsu-module tatsu-text-block-wrap tatsu-r1N9krzOO  \"><div class=\"tatsu-text-inner tatsu-align-center  clearfix\" ><style>.tatsu-r1N9krzOO.tatsu-text-block-wrap .tatsu-text-inner{width: 100%;text-align: left;}<\/style>\n<h3 style=\"text-align: center;\"><span style=\"color: #ffffff;\">\u00bfNecesita ayuda y una respuesta r\u00e1pida?<br \/>Ll\u00e1manos.<\/span><\/h3>\n<\/div><\/div><div  class=\"tatsu-module tatsu-normal-button tatsu-button-wrap align-block block-center  tatsu-BJqpaHk0_   \"><a class=\"tatsu-shortcode mediumbtn tatsu-button left-icon circular   bg-animation-none  \" href=\"http:\/\/dapenalaw.com\/Espanol\/evaluation-form\" style= \"\"  aria-label=\"COMUNICATE\" data-gdpr-atts={} >COMUNICATE<\/a><style>.tatsu-BJqpaHk0_ .tatsu-button{background-color: rgba(238,84,47,1);color: rgba(255,255,255,1) ;}<\/style><\/div><div  class=\"tatsu-module tatsu-text-block-wrap tatsu-Bkl3ww49d  \"><div class=\"tatsu-text-inner tatsu-align-center  clearfix\" ><style>.tatsu-Bkl3ww49d.tatsu-text-block-wrap .tatsu-text-inner{width: 100%;text-align: left;}<\/style>\n<h5 style=\"text-align: center;\"><span style=\"color: #ffffff;\"><a href=\"http:\/\/dapenalaw.com\/Espanol\/miami\">Miami<\/a>\u00a0| <a href=\"http:\/\/dapenalaw.com\/Espanol\/orlando\">Orlando<\/a>\u00a0| <a href=\"http:\/\/dapenalaw.com\/Espanol\/homestead\">Homestead<\/a>\u00a0| <a href=\"http:\/\/dapenalaw.com\/Espanol\/tampa\">Tampa <\/a>| <a href=\"https:\/\/dapenalaw.com\/Espanol\/fort-myers\/\">Fort Myers<\/a><\/span><\/h5>\n<\/div><\/div><div  class=\"tatsu-module tatsu-icon-group tatsu-BJlHJRB1Ru  \"  ><style>.tatsu-BJlHJRB1Ru.tatsu-icon-group{text-align: center;margin: 0px 0px 20px 0px;}<\/style><div  class=\"tatsu-module tatsu-normal-icon tatsu-icon-shortcode align-none tatsu-BJSy0HyR_   \"><style>.tatsu-BJSy0HyR_ .tatsu-icon{color: rgba(238,84,47,1) ;}.tatsu-BJSy0HyR_{border-width: 0px 0px 0px 0px;}<\/style><a href=\"https:\/\/www.facebook.com\/josedapenalaw\/\"  class=\"tatsu-icon-wrap plain  tatsu-animate    \" data-animation=\"fadeIn\"   aria-label=\"icon-facebook\" data-gdpr-atts={}   ><i class=\"tatsu-icon tatsu-custom-icon tatsu-custom-icon-class icon-facebook small plain\"><\/i><\/a><\/div><div  class=\"tatsu-module tatsu-normal-icon tatsu-icon-shortcode align-none tatsu-HyDyCB10d   \"><style>.tatsu-HyDyCB10d .tatsu-icon{color: rgba(238,84,47,1) ;}.tatsu-HyDyCB10d{border-width: 0px 0px 0px 0px;}<\/style><a href=\"https:\/\/www.instagram.com\/josedapena_p.a\/\"  class=\"tatsu-icon-wrap plain  tatsu-animate    \" data-animation=\"fadeIn\"   aria-label=\"icon-social_instagram\" data-gdpr-atts={}   ><i class=\"tatsu-icon tatsu-custom-icon tatsu-custom-icon-class icon-social_instagram small plain\"><\/i><\/a><\/div><div  class=\"tatsu-module tatsu-normal-icon tatsu-icon-shortcode align-none tatsu-BJuyRByR_   \"><style>.tatsu-BJuyRByR_ .tatsu-icon{color: rgba(238,84,47,1) ;}.tatsu-BJuyRByR_{border-width: 0px 0px 0px 0px;}<\/style><a href=\"https:\/\/www.youtube.com\/channel\/UCP_cS3bn6ZsYqguIePKuVxg\"  class=\"tatsu-icon-wrap plain  tatsu-animate    \" data-animation=\"fadeIn\"   aria-label=\"icon-social_youtube\" data-gdpr-atts={}   ><i class=\"tatsu-icon tatsu-custom-icon tatsu-custom-icon-class icon-social_youtube small plain\"><\/i><\/a><\/div><\/div><\/div><\/div><div class = \"tatsu-column-bg-image-wrap\"><div class = \"tatsu-column-bg-image\" ><\/div><\/div><div class=\"tatsu-overlay tatsu-column-overlay tatsu-animate-none\" ><\/div><\/div><style>.tatsu-row > .tatsu-Hks_kSfuu.tatsu-column{width: 100%;}.tatsu-Hks_kSfuu.tatsu-column > .tatsu-column-inner > .tatsu-column-overlay{mix-blend-mode: normal;}.tatsu-Hks_kSfuu > .tatsu-column-inner > .tatsu-top-divider{z-index: 9999;}.tatsu-Hks_kSfuu > .tatsu-column-inner > .tatsu-bottom-divider{z-index: 9999;}.tatsu-Hks_kSfuu > .tatsu-column-inner > .tatsu-left-divider{z-index: 9999;}.tatsu-Hks_kSfuu > .tatsu-column-inner > .tatsu-right-divider{z-index: 9999;}@media only screen and (max-width:1377px) {.tatsu-row > .tatsu-Hks_kSfuu.tatsu-column{width: 100%;}}@media only screen and (min-width:768px) and (max-width: 1024px) {.tatsu-row > .tatsu-Hks_kSfuu.tatsu-column{width: 100%;}}@media only screen and (max-width: 767px) {.tatsu-row > .tatsu-Hks_kSfuu.tatsu-column{width: 100%;}}<\/style><\/div><\/div><\/div><\/div><div class=\"tatsu-section-background-wrap\"><div class = \"tatsu-section-background\" ><\/div><\/div><div class=\"tatsu-overlay tatsu-section-overlay\"><\/div><style>.tatsu-HkWsuyBMuO.tatsu-section{background-color: rgba(0,0,0,1);}.tatsu-HkWsuyBMuO .tatsu-section-pad{padding: 90px 0px 90px 0px;}.tatsu-HkWsuyBMuO .tatsu-section-offset-wrap{transform: translateY(-0px);}.tatsu-HkWsuyBMuO > .tatsu-bottom-divider{z-index: 9999;}.tatsu-HkWsuyBMuO > .tatsu-top-divider{z-index: 9999;}.tatsu-HkWsuyBMuO .tatsu-section-overlay{mix-blend-mode: normal;}<\/style><\/div>\n","protected":false},"excerpt":{"rendered":"<p><a href=\"https:\/\/dapenalaw.com\/Espanol\/wrongful-death-espanol\/\" class=\"more-link style1-button\">Read More<\/a><\/p>","protected":false},"author":1,"featured_media":0,"parent":0,"menu_order":0,"comment_status":"closed","ping_status":"closed","template":"","meta":{"footnotes":""},"class_list":["post-347","page","type-page","status-publish","hentry"],"_links":{"self":[{"href":"https:\/\/dapenalaw.com\/Espanol\/wp-json\/wp\/v2\/pages\/347","targetHints":{"allow":["GET"]}}],"collection":[{"href":"https:\/\/dapenalaw.com\/Espanol\/wp-json\/wp\/v2\/pages"}],"about":[{"href":"https:\/\/dapenalaw.com\/Espanol\/wp-json\/wp\/v2\/types\/page"}],"author":[{"embeddable":true,"href":"https:\/\/dapenalaw.com\/Espanol\/wp-json\/wp\/v2\/users\/1"}],"replies":[{"embeddable":true,"href":"https:\/\/dapenalaw.com\/Espanol\/wp-json\/wp\/v2\/comments?post=347"}],"version-history":[{"count":12,"href":"https:\/\/dapenalaw.com\/Espanol\/wp-json\/wp\/v2\/pages\/347\/revisions"}],"predecessor-version":[{"id":469,"href":"https:\/\/dapenalaw.com\/Espanol\/wp-json\/wp\/v2\/pages\/347\/revisions\/469"}],"wp:attachment":[{"href":"https:\/\/dapenalaw.com\/Espanol\/wp-json\/wp\/v2\/media?parent=347"}],"curies":[{"name":"wp","href":"https:\/\/api.w.org\/{rel}","templated":true}]}}