{"id":335,"date":"2021-09-20T19:35:22","date_gmt":"2021-09-20T19:35:22","guid":{"rendered":"http:\/\/dapenalaw.com\/Espanol\/?page_id=335"},"modified":"2024-12-11T16:28:34","modified_gmt":"2024-12-11T16:28:34","slug":"family-law-2","status":"publish","type":"page","link":"https:\/\/dapenalaw.com\/Espanol\/family-law-2\/","title":{"rendered":"Family Law \u2013 Espanol"},"content":{"rendered":"<div  class=\"tatsu-HJtS7Vfdd tatsu-section  tatsu-parallax tatsu-section-custom-height   tatsu-clearfix\" data-title=\"\"  data-headerscheme=\"background--dark\"><div class = \"tatsu-custom-height-wrap\"><div class='tatsu-section-pad clearfix' data-padding='{\"d\":\"100px 0px 100px 0px\"}' data-padding-top='100px'><div class=\"tatsu-row-wrap  tatsu-wrap tatsu-row-one-col tatsu-row-has-one-cols tatsu-medium-gutter tatsu-reg-cols  tatsu-clearfix tatsu-B1gtHm4zOd\" ><div  class=\"tatsu-row \" ><div  class=\"tatsu-column  tatsu-column-no-bg tatsu-one-col tatsu-column-image-none tatsu-column-effect-none  tatsu-SkZKrm4GOd\"  data-parallax-speed=\"0\" style=\"\"><div class=\"tatsu-column-inner \" ><div class=\"tatsu-column-pad-wrap\"><div class=\"tatsu-column-pad\" ><div  class=\"tatsu-module tatsu-text-block-wrap tatsu-S1whXVf_d  \"><div class=\"tatsu-text-inner tatsu-align-center tatsu-animate clearfix\" data-animation=\"fadeInUp\"  ><style>.tatsu-S1whXVf_d.tatsu-text-block-wrap .tatsu-text-inner{width: 100%;text-align: left;}<\/style>\n<h1 style=\"text-align: center;\"><span style=\"color: #ffffff;\">Ley Familiar<\/span><\/h1>\n<\/div><\/div><div  class=\"tatsu-single-image tatsu-module tatsu-animate tatsu-image-lazyload tatsu-external-image tatsu-rJsJh4_cO  \" data-animation=\"fadeInLeftBig\"  ><div class=\"tatsu-single-image-inner \" style=\"\" ><div class = \"tatsu-single-image-padding-wrap\" style = \"\" ><\/div><img class = \"tatsu-gradient-border\" data-src = \"https:\/\/dapenalaw.com\/Espanol\/wp-content\/uploads\/2021\/06\/graphic2.png\" alt =\" \"  src =\"data:image\/png;base64,iVBORw0KGgoAAAANSUhEUgAAAAEAAAABCAQAAAC1HAwCAAAAC0lEQVR42mNkYAAAAAYAAjCB0C8AAAAASUVORK5CYII=\"  \/><\/div><style>.tatsu-rJsJh4_cO .tatsu-single-image-inner{border-style: solid;max-width: 100%;}.tatsu-rJsJh4_cO.tatsu-single-image{transform: translate3d(0px,0px, 0);}<\/style><\/div><\/div><\/div><div class = \"tatsu-column-bg-image-wrap\"><div class = \"tatsu-column-bg-image\" ><\/div><\/div><\/div><style>.tatsu-row > .tatsu-SkZKrm4GOd.tatsu-column{width: 100%;}.tatsu-SkZKrm4GOd.tatsu-column > .tatsu-column-inner > .tatsu-column-overlay{mix-blend-mode: none;}.tatsu-SkZKrm4GOd > .tatsu-column-inner > .tatsu-top-divider{z-index: 9999;}.tatsu-SkZKrm4GOd > .tatsu-column-inner > .tatsu-bottom-divider{z-index: 9999;}.tatsu-SkZKrm4GOd > .tatsu-column-inner > .tatsu-left-divider{z-index: 9999;}.tatsu-SkZKrm4GOd > .tatsu-column-inner > .tatsu-right-divider{z-index: 9999;}<\/style><\/div><\/div><\/div><\/div><div class=\"tatsu-section-background-wrap tatsu-parallax-element-wrap\"><div class = \"tatsu-section-background tatsu-parallax-element\" ><\/div><\/div><\/div><style>.tatsu-HJtS7Vfdd.tatsu-section{background-color: rgba(0,0,0,1);}.tatsu-HJtS7Vfdd .tatsu-section-background{background-image: url(http:\/\/dapenalaw.com\/Espanol\/wp-content\/uploads\/2021\/06\/hero_6.jpg);background-repeat: no-repeat;background-attachment: scroll;background-position: center center;background-size: cover;}.tatsu-HJtS7Vfdd .tatsu-bg-blur{background-repeat: no-repeat;background-attachment: scroll;background-position: center center;background-size: cover;}.tatsu-HJtS7Vfdd .tatsu-section-pad{padding: 100px 0px 100px 0px;}.tatsu-HJtS7Vfdd > .tatsu-bottom-divider{z-index: 9999;}.tatsu-HJtS7Vfdd > .tatsu-top-divider{z-index: 9999;}.tatsu-HJtS7Vfdd .tatsu-custom-height-wrap{align-items: center;min-height: 65vh;}<\/style><\/div><div  class=\"tatsu-SkZ74fNzdO tatsu-section  tatsu-bg-overlay   tatsu-clearfix\" data-title=\"\"  data-headerscheme=\"background--dark\"><div class='tatsu-section-pad clearfix' data-padding='{\"d\":\"90px 0px 90px 0px\"}' data-padding-top='90px'><div class=\"tatsu-row-wrap  tatsu-wrap tatsu-row-one-col tatsu-row-has-one-cols tatsu-medium-gutter tatsu-reg-cols  tatsu-clearfix tatsu-H1xXVM4Gdd\" ><div  class=\"tatsu-row \" ><div  class=\"tatsu-column  tatsu-bg-overlay tatsu-one-col tatsu-column-image-none tatsu-column-effect-none  tatsu-rymVGEzuu\"  data-parallax-speed=\"0\" style=\"\"><div class=\"tatsu-column-inner \" ><div class=\"tatsu-column-pad-wrap\"><div class=\"tatsu-column-pad\" ><div  class=\"tatsu-module tatsu-text-block-wrap tatsu-SymSfNzOu  \"><div class=\"tatsu-text-inner tatsu-align-center tatsu-animate clearfix\" data-animation=\"fadeIn\"  ><style>.tatsu-SymSfNzOu.tatsu-text-block-wrap .tatsu-text-inner{width: 100%;text-align: left;}<\/style>\n<h4><span style=\"color: #ffffff;\">En DAPENALAW le proporcionamos asesor\u00eda legal honesta y directa con respecto a cualquier aspecto jur\u00eddico relacionados con cuestiones de derecho de familia.<\/span><\/h4>\n<\/div><\/div><\/div><\/div><div class = \"tatsu-column-bg-image-wrap\"><div class = \"tatsu-column-bg-image\" ><\/div><\/div><div class=\"tatsu-overlay tatsu-column-overlay tatsu-animate-none\" ><\/div><\/div><style>.tatsu-row > .tatsu-rymVGEzuu.tatsu-column{width: 100%;}.tatsu-rymVGEzuu.tatsu-column > .tatsu-column-inner > .tatsu-column-overlay{mix-blend-mode: normal;}.tatsu-rymVGEzuu > .tatsu-column-inner > .tatsu-top-divider{z-index: 9999;}.tatsu-rymVGEzuu > .tatsu-column-inner > .tatsu-bottom-divider{z-index: 9999;}.tatsu-rymVGEzuu > .tatsu-column-inner > .tatsu-left-divider{z-index: 9999;}.tatsu-rymVGEzuu > .tatsu-column-inner > .tatsu-right-divider{z-index: 9999;}@media only screen and (max-width:1377px) {.tatsu-row > .tatsu-rymVGEzuu.tatsu-column{width: 100%;}}@media only screen and (min-width:768px) and (max-width: 1024px) {.tatsu-row > .tatsu-rymVGEzuu.tatsu-column{width: 100%;}}@media only screen and (max-width: 767px) {.tatsu-row > .tatsu-rymVGEzuu.tatsu-column{width: 100%;}}<\/style><\/div><\/div><\/div><\/div><div class=\"tatsu-section-background-wrap\"><div class = \"tatsu-section-background\" ><\/div><\/div><div class=\"tatsu-overlay tatsu-section-overlay\"><\/div><style>.tatsu-SkZ74fNzdO.tatsu-section{background-color: rgba(0,0,0,1);}.tatsu-SkZ74fNzdO .tatsu-section-pad{padding: 90px 0px 90px 0px;}.tatsu-SkZ74fNzdO .tatsu-section-offset-wrap{transform: translateY(-0px);}.tatsu-SkZ74fNzdO > .tatsu-bottom-divider{z-index: 9999;}.tatsu-SkZ74fNzdO > .tatsu-top-divider{z-index: 9999;}.tatsu-SkZ74fNzdO .tatsu-section-overlay{mix-blend-mode: normal;}<\/style><\/div><div  class=\"tatsu-S1W4ufEfdu tatsu-section  tatsu-bg-overlay   tatsu-clearfix\" data-title=\"\"  data-headerscheme=\"background--dark\"><div class='tatsu-section-pad clearfix' data-padding='{\"d\":\"90px 0px 90px 0px\"}' data-padding-top='90px'><div class=\"tatsu-row-wrap  tatsu-wrap tatsu-row-one-col tatsu-row-has-one-cols tatsu-medium-gutter tatsu-reg-cols  tatsu-clearfix tatsu-B1lkhARTF3\" ><div  class=\"tatsu-row \" ><div  class=\"tatsu-column  tatsu-bg-overlay tatsu-one-col tatsu-column-image-none tatsu-column-effect-none  tatsu-rJJ3RATt3\"  data-parallax-speed=\"0\" style=\"\"><div class=\"tatsu-column-inner \" ><div class=\"tatsu-column-pad-wrap\"><div class=\"tatsu-column-pad\" ><div  class=\"tatsu-module tatsu-video tatsu-hosted-wrap tatsu-Hy8hACpK3   \" ><video  width = \"100%\" controls controlsList=\"nodownload\" poster = \"\"    ><source src=\"http:\/\/dapenalaw.com\/family_720.mov\" type=\"video\/mp4\"><\/video><\/div><\/div><\/div><div class = \"tatsu-column-bg-image-wrap\"><div class = \"tatsu-column-bg-image\" ><\/div><\/div><div class=\"tatsu-overlay tatsu-column-overlay tatsu-animate-none\" ><\/div><\/div><style>.tatsu-row > .tatsu-rJJ3RATt3.tatsu-column{width: 100%;}.tatsu-rJJ3RATt3.tatsu-column > .tatsu-column-inner > .tatsu-column-overlay{mix-blend-mode: normal;}.tatsu-rJJ3RATt3 > .tatsu-column-inner > .tatsu-top-divider{z-index: 9999;}.tatsu-rJJ3RATt3 > .tatsu-column-inner > .tatsu-bottom-divider{z-index: 9999;}.tatsu-rJJ3RATt3 > .tatsu-column-inner > .tatsu-left-divider{z-index: 9999;}.tatsu-rJJ3RATt3 > .tatsu-column-inner > .tatsu-right-divider{z-index: 9999;}@media only screen and (max-width:1377px) {.tatsu-row > .tatsu-rJJ3RATt3.tatsu-column{width: 100%;}}@media only screen and (min-width:768px) and (max-width: 1024px) {.tatsu-row > .tatsu-rJJ3RATt3.tatsu-column{width: 100%;}}@media only screen and (max-width: 767px) {.tatsu-row > .tatsu-rJJ3RATt3.tatsu-column{width: 100%;}}<\/style><\/div><\/div><\/div><div class=\"tatsu-row-wrap  tatsu-wrap tatsu-row-has-one-half tatsu-row-has-two-cols tatsu-medium-gutter tatsu-reg-cols  tatsu-clearfix tatsu-ryl4dG4MOO\" ><div  class=\"tatsu-row \" ><div  class=\"tatsu-column  tatsu-bg-overlay tatsu-one-half tatsu-column-image-none tatsu-column-effect-none  tatsu-ByWKfNG_O\"  data-parallax-speed=\"0\" style=\"\"><div class=\"tatsu-column-inner \" ><div class=\"tatsu-column-pad-wrap\"><div class=\"tatsu-column-pad\" ><div  class=\"tatsu-module tatsu-text-block-wrap tatsu-Bk2tfEzdO  \"><div class=\"tatsu-text-inner tatsu-align-center tatsu-animate clearfix\" data-animation=\"fadeInLeft\"  ><style>.tatsu-Bk2tfEzdO.tatsu-text-block-wrap .tatsu-text-inner{width: 100%;text-align: left;}<\/style>\n<h4>Evaluamos los hechos particulares de cada cliente y desarrollamos una estrategia legal que es practica y economica. Queremos que usted est\u00e9 bien informado en cuanto a sus opciones ya que su decision lo afectara a usted y a su familia en los a\u00f1os venideros.<\/h4>\n<\/div><\/div><div  class=\"tatsu-module tatsu-text-block-wrap tatsu-HkIoMNMOd  \"><div class=\"tatsu-text-inner tatsu-align-center tatsu-animate clearfix\" data-animation=\"fadeInLeft\"  ><style>.tatsu-HkIoMNMOd.tatsu-text-block-wrap .tatsu-text-inner{width: 100%;text-align: left;}<\/style>\n<h5>Podemos asistir con los siguientes casos<\/h5>\n<ul>\n<li>\n<h5>Divorcios<\/h5>\n<\/li>\n<li>\n<h5>Acuerdos prematrimoniales<\/h5>\n<\/li>\n<li>\n<h5>Divisi\u00f3n de la bienes<\/h5>\n<\/li>\n<li>\n<h5>Manutenci\u00f3n de los hijos \/ Pension alimonticia<\/h5>\n<\/li>\n<li>\n<h5>La manutenci\u00f3n del c\u00f3nyuge y pensi\u00f3n alimenticia<\/h5>\n<\/li>\n<li>\n<h5>Custodia de ni\u00f1os \/ Tiempo compartido y visitaci\u00f3n<\/h5>\n<\/li>\n<li>\n<h5>Modificaciones del dictamen final<\/h5>\n<\/li>\n<li>\n<h5>Problemas con las ordenes de alejamiento<\/h5>\n<\/li>\n<li>\n<h5>Peticiones de paternidad<\/h5>\n<\/li>\n<\/ul>\n<\/div><\/div><\/div><\/div><div class = \"tatsu-column-bg-image-wrap\"><div class = \"tatsu-column-bg-image\" ><\/div><\/div><div class=\"tatsu-overlay tatsu-column-overlay tatsu-animate-none\" ><\/div><\/div><style>.tatsu-row > .tatsu-ByWKfNG_O.tatsu-column{width: 50%;}.tatsu-ByWKfNG_O.tatsu-column > .tatsu-column-inner > .tatsu-column-overlay{mix-blend-mode: normal;}.tatsu-ByWKfNG_O > .tatsu-column-inner > .tatsu-top-divider{z-index: 9999;}.tatsu-ByWKfNG_O > .tatsu-column-inner > .tatsu-bottom-divider{z-index: 9999;}.tatsu-ByWKfNG_O > .tatsu-column-inner > .tatsu-left-divider{z-index: 9999;}.tatsu-ByWKfNG_O > .tatsu-column-inner > .tatsu-right-divider{z-index: 9999;}@media only screen and (max-width:1377px) {.tatsu-row > .tatsu-ByWKfNG_O.tatsu-column{width: 50%;}}@media only screen and (min-width:768px) and (max-width: 1024px) {.tatsu-row > .tatsu-ByWKfNG_O.tatsu-column{width: 50%;}}@media only screen and (max-width: 767px) {.tatsu-row > .tatsu-ByWKfNG_O.tatsu-column{width: 100%;}}<\/style><\/div><div  class=\"tatsu-column  tatsu-bg-overlay tatsu-one-half tatsu-column-image-none tatsu-column-effect-none  tatsu-Skx-tGEzd_\"  data-parallax-speed=\"0\" style=\"\"><div class=\"tatsu-column-inner \" ><div class=\"tatsu-column-pad-wrap\"><div class=\"tatsu-column-pad\" ><div  class=\"tatsu-single-image tatsu-module tatsu-animate tatsu-image-lazyload tatsu-external-image tatsu-Bycr5Aatn  \" data-animation=\"fadeInRight\"  ><div class=\"tatsu-single-image-inner \" style=\"\" ><div class = \"tatsu-single-image-padding-wrap\" style = \"\" ><\/div><img class = \"tatsu-gradient-border\" data-src = \"https:\/\/dapenalaw.com\/Espanol\/wp-content\/uploads\/2023\/07\/dl_family.jpg\" alt =\" \"  src =\"data:image\/png;base64,iVBORw0KGgoAAAANSUhEUgAAAAEAAAABCAQAAAC1HAwCAAAAC0lEQVR42mNkYAAAAAYAAjCB0C8AAAAASUVORK5CYII=\"  \/><\/div><style>.tatsu-Bycr5Aatn .tatsu-single-image-inner{border-style: solid;max-width: 100%;}.tatsu-Bycr5Aatn.tatsu-single-image{transform: translate3d(0px,0px, 0);}<\/style><\/div><\/div><\/div><div class = \"tatsu-column-bg-image-wrap\"><div class = \"tatsu-column-bg-image\" ><\/div><\/div><div class=\"tatsu-overlay tatsu-column-overlay tatsu-animate-none\" ><\/div><\/div><style>.tatsu-row > .tatsu-Skx-tGEzd_.tatsu-column{width: 50%;}.tatsu-Skx-tGEzd_.tatsu-column{margin: 0px 0px 0px 0px !important;}.tatsu-Skx-tGEzd_.tatsu-column > .tatsu-column-inner > .tatsu-column-overlay{mix-blend-mode: normal;}.tatsu-Skx-tGEzd_ > .tatsu-column-inner > .tatsu-top-divider{z-index: 9999;}.tatsu-Skx-tGEzd_ > .tatsu-column-inner > .tatsu-bottom-divider{z-index: 9999;}.tatsu-Skx-tGEzd_ > .tatsu-column-inner > .tatsu-left-divider{z-index: 9999;}.tatsu-Skx-tGEzd_ > .tatsu-column-inner > .tatsu-right-divider{z-index: 9999;}@media only screen and (max-width:1377px) {.tatsu-row > .tatsu-Skx-tGEzd_.tatsu-column{width: 50%;}}@media only screen and (min-width:768px) and (max-width: 1024px) {.tatsu-row > .tatsu-Skx-tGEzd_.tatsu-column{width: 50%;}}@media only screen and (max-width: 767px) {.tatsu-row > .tatsu-Skx-tGEzd_.tatsu-column{width: 100%;}}<\/style><\/div><\/div><\/div><\/div><div class=\"tatsu-section-background-wrap\"><div class = \"tatsu-section-background\" ><\/div><\/div><div class=\"tatsu-overlay tatsu-section-overlay\"><\/div><style>.tatsu-S1W4ufEfdu .tatsu-section-pad{padding: 90px 0px 90px 0px;}.tatsu-S1W4ufEfdu .tatsu-section-offset-wrap{transform: translateY(-0px);}.tatsu-S1W4ufEfdu > .tatsu-bottom-divider{z-index: 9999;}.tatsu-S1W4ufEfdu > .tatsu-top-divider{z-index: 9999;}.tatsu-S1W4ufEfdu .tatsu-section-overlay{mix-blend-mode: normal;}<\/style><\/div><div  class=\"tatsu-BkWBX1HMOu tatsu-section  tatsu-bg-overlay   tatsu-clearfix\" data-title=\"\"  data-headerscheme=\"background--dark\"><div class='tatsu-section-pad clearfix' data-padding='{\"d\":\"90px 0px 90px 0px\"}' data-padding-top='90px'><div class=\"tatsu-row-wrap  tatsu-wrap tatsu-row-one-col tatsu-row-has-one-cols tatsu-medium-gutter tatsu-reg-cols  tatsu-clearfix tatsu-rkgBX1BGdu\" ><div  class=\"tatsu-row \" ><div  class=\"tatsu-column  tatsu-bg-overlay tatsu-one-col tatsu-column-image-none tatsu-column-effect-none  tatsu-SkrXJBGu_\"  data-parallax-speed=\"0\" style=\"\"><div class=\"tatsu-column-inner \" ><div class=\"tatsu-column-pad-wrap\"><div class=\"tatsu-column-pad\" ><div  class=\"tatsu-module tatsu-text-block-wrap tatsu-SJYQJHzu_  \"><div class=\"tatsu-text-inner tatsu-align-center  clearfix\" ><style>.tatsu-SJYQJHzu_.tatsu-text-block-wrap .tatsu-text-inner{width: 85%;text-align: left;}<\/style>\n<h4 style=\"text-align: center;\">Independientemente de las circunstancias asociadas con su accidente, DAPENALAW\u00a0proporcionara con una evaluaci\u00f3n realista de sus opciones legales y le indicara cuales pasos usted debe tomar para facilitar el proceso.<\/h4>\n<h5 style=\"text-align: center;\">Si desea coordinar una cita inicial gratis para reunirse con el abogado sobre su caso de familia, por favor llame a la oficina mas cercana, o envienos un mensaje a nuestro correo electronico.<span class=\"Apple-converted-space\">\u00a0<\/span><\/h5>\n<\/div><\/div><\/div><\/div><div class = \"tatsu-column-bg-image-wrap\"><div class = \"tatsu-column-bg-image\" ><\/div><\/div><div class=\"tatsu-overlay tatsu-column-overlay tatsu-animate-none\" ><\/div><\/div><style>.tatsu-row > .tatsu-SkrXJBGu_.tatsu-column{width: 100%;}.tatsu-SkrXJBGu_.tatsu-column > .tatsu-column-inner > .tatsu-column-overlay{mix-blend-mode: normal;}.tatsu-SkrXJBGu_ > .tatsu-column-inner > .tatsu-top-divider{z-index: 9999;}.tatsu-SkrXJBGu_ > .tatsu-column-inner > .tatsu-bottom-divider{z-index: 9999;}.tatsu-SkrXJBGu_ > .tatsu-column-inner > .tatsu-left-divider{z-index: 9999;}.tatsu-SkrXJBGu_ > .tatsu-column-inner > .tatsu-right-divider{z-index: 9999;}@media only screen and (max-width:1377px) {.tatsu-row > .tatsu-SkrXJBGu_.tatsu-column{width: 100%;}}@media only screen and (min-width:768px) and (max-width: 1024px) {.tatsu-row > .tatsu-SkrXJBGu_.tatsu-column{width: 100%;}}@media only screen and (max-width: 767px) {.tatsu-row > .tatsu-SkrXJBGu_.tatsu-column{width: 100%;}}<\/style><\/div><\/div><\/div><\/div><div class=\"tatsu-section-background-wrap\"><div class = \"tatsu-section-background\" ><\/div><\/div><div class=\"tatsu-overlay tatsu-section-overlay\"><\/div><style>.tatsu-BkWBX1HMOu.tatsu-section{background-color: rgba(238,238,238,1);}.tatsu-BkWBX1HMOu .tatsu-section-pad{padding: 90px 0px 90px 0px;}.tatsu-BkWBX1HMOu .tatsu-section-offset-wrap{transform: translateY(-0px);}.tatsu-BkWBX1HMOu > .tatsu-bottom-divider{z-index: 9999;}.tatsu-BkWBX1HMOu > .tatsu-top-divider{z-index: 9999;}.tatsu-BkWBX1HMOu .tatsu-section-overlay{mix-blend-mode: normal;}<\/style><\/div><div  class=\"tatsu-HkWsuyBMuO tatsu-section  tatsu-bg-overlay   tatsu-clearfix\" data-title=\"\"  data-headerscheme=\"background--dark\"><div class='tatsu-section-pad clearfix' data-padding='{\"d\":\"90px 0px 90px 0px\"}' data-padding-top='90px'><div class=\"tatsu-row-wrap  tatsu-wrap tatsu-row-one-col tatsu-row-has-one-cols tatsu-medium-gutter tatsu-reg-cols  tatsu-clearfix tatsu-HygjdkSz_u\" ><div  class=\"tatsu-row \" ><div  class=\"tatsu-column  tatsu-bg-overlay tatsu-one-col tatsu-column-image-none tatsu-column-effect-none  tatsu-Hks_kSfuu\"  data-parallax-speed=\"0\" style=\"\"><div class=\"tatsu-column-inner \" ><div class=\"tatsu-column-pad-wrap\"><div class=\"tatsu-column-pad\" ><div  class=\"tatsu-module tatsu-text-block-wrap tatsu-r1N9krzOO  \"><div class=\"tatsu-text-inner tatsu-align-center  clearfix\" ><style>.tatsu-r1N9krzOO.tatsu-text-block-wrap .tatsu-text-inner{width: 100%;text-align: left;}<\/style>\n<h3 style=\"text-align: center;\"><span style=\"color: #ffffff;\">\u00bfNecesita ayuda y una respuesta r\u00e1pida?<br \/>Ll\u00e1manos.<\/span><\/h3>\n<\/div><\/div><div  class=\"tatsu-module tatsu-normal-button tatsu-button-wrap align-block block-center  tatsu-rJm2g8JCO   \"><a class=\"tatsu-shortcode mediumbtn tatsu-button left-icon circular   bg-animation-none  \" href=\"http:\/\/dapenalaw.com\/Espanol\/evaluation-form\" style= \"\"  aria-label=\"COMUNICATE\" data-gdpr-atts={} >COMUNICATE<\/a><style>.tatsu-rJm2g8JCO .tatsu-button{background-color: rgba(238,84,47,1);color: rgba(255,255,255,1) ;}<\/style><\/div><div  class=\"tatsu-module tatsu-text-block-wrap tatsu-H1c1OwE9O  \"><div class=\"tatsu-text-inner tatsu-align-center  clearfix\" ><style>.tatsu-H1c1OwE9O.tatsu-text-block-wrap .tatsu-text-inner{width: 100%;text-align: left;}<\/style>\n<h5 style=\"text-align: center;\"><span style=\"color: #ffffff;\"><a href=\"http:\/\/dapenalaw.com\/Espanol\/miami\">Miami<\/a>\u00a0| <a href=\"http:\/\/dapenalaw.com\/Espanol\/orlando\">Orlando<\/a>\u00a0| <a href=\"http:\/\/dapenalaw.com\/Espanol\/homestead\">Homestead<\/a>\u00a0| <a href=\"http:\/\/dapenalaw.com\/Espanol\/tampa\">Tampa <\/a>| <a href=\"https:\/\/dapenalaw.com\/Espanol\/fort-myers\/\">Fort Myers<\/a><\/span><\/h5>\n<\/div><\/div><div  class=\"tatsu-module tatsu-icon-group tatsu-SylpTlIJCu  \"  ><style>.tatsu-SylpTlIJCu.tatsu-icon-group{text-align: center;margin: 0px 0px 20px 0px;}<\/style><div  class=\"tatsu-module tatsu-normal-icon tatsu-icon-shortcode align-none tatsu-Sk6aeUkCu   \"><style>.tatsu-Sk6aeUkCu .tatsu-icon{color: rgba(238,84,47,1) ;}.tatsu-Sk6aeUkCu{border-width: 0px 0px 0px 0px;}<\/style><a href=\"https:\/\/www.facebook.com\/josedapenalaw\/\"  class=\"tatsu-icon-wrap plain  tatsu-animate    \" data-animation=\"fadeIn\"   aria-label=\"icon-facebook\" data-gdpr-atts={}   ><i class=\"tatsu-icon tatsu-custom-icon tatsu-custom-icon-class icon-facebook small plain\"><\/i><\/a><\/div><div  class=\"tatsu-module tatsu-normal-icon tatsu-icon-shortcode align-none tatsu-HyzClUJCO   \"><style>.tatsu-HyzClUJCO .tatsu-icon{color: rgba(238,84,47,1) ;}.tatsu-HyzClUJCO{border-width: 0px 0px 0px 0px;}<\/style><a href=\"https:\/\/www.instagram.com\/josedapena_p.a\/\"  class=\"tatsu-icon-wrap plain  tatsu-animate    \" data-animation=\"fadeIn\"   aria-label=\"icon-social_instagram\" data-gdpr-atts={}   ><i class=\"tatsu-icon tatsu-custom-icon tatsu-custom-icon-class icon-social_instagram small plain\"><\/i><\/a><\/div><div  class=\"tatsu-module tatsu-normal-icon tatsu-icon-shortcode align-none tatsu-HymRgLyAu   \"><style>.tatsu-HymRgLyAu .tatsu-icon{color: rgba(238,84,47,1) ;}.tatsu-HymRgLyAu{border-width: 0px 0px 0px 0px;}<\/style><a href=\"https:\/\/www.youtube.com\/channel\/UCP_cS3bn6ZsYqguIePKuVxg\"  class=\"tatsu-icon-wrap plain  tatsu-animate    \" data-animation=\"fadeIn\"   aria-label=\"icon-social_youtube\" data-gdpr-atts={}   ><i class=\"tatsu-icon tatsu-custom-icon tatsu-custom-icon-class icon-social_youtube small plain\"><\/i><\/a><\/div><\/div><\/div><\/div><div class = \"tatsu-column-bg-image-wrap\"><div class = \"tatsu-column-bg-image\" ><\/div><\/div><div class=\"tatsu-overlay tatsu-column-overlay tatsu-animate-none\" ><\/div><\/div><style>.tatsu-row > .tatsu-Hks_kSfuu.tatsu-column{width: 100%;}.tatsu-Hks_kSfuu.tatsu-column > .tatsu-column-inner > .tatsu-column-overlay{mix-blend-mode: normal;}.tatsu-Hks_kSfuu > .tatsu-column-inner > .tatsu-top-divider{z-index: 9999;}.tatsu-Hks_kSfuu > .tatsu-column-inner > .tatsu-bottom-divider{z-index: 9999;}.tatsu-Hks_kSfuu > .tatsu-column-inner > .tatsu-left-divider{z-index: 9999;}.tatsu-Hks_kSfuu > .tatsu-column-inner > .tatsu-right-divider{z-index: 9999;}@media only screen and (max-width:1377px) {.tatsu-row > .tatsu-Hks_kSfuu.tatsu-column{width: 100%;}}@media only screen and (min-width:768px) and (max-width: 1024px) {.tatsu-row > .tatsu-Hks_kSfuu.tatsu-column{width: 100%;}}@media only screen and (max-width: 767px) {.tatsu-row > .tatsu-Hks_kSfuu.tatsu-column{width: 100%;}}<\/style><\/div><\/div><\/div><\/div><div class=\"tatsu-section-background-wrap\"><div class = \"tatsu-section-background\" ><\/div><\/div><div class=\"tatsu-overlay tatsu-section-overlay\"><\/div><style>.tatsu-HkWsuyBMuO.tatsu-section{background-color: rgba(0,0,0,1);}.tatsu-HkWsuyBMuO .tatsu-section-pad{padding: 90px 0px 90px 0px;}.tatsu-HkWsuyBMuO .tatsu-section-offset-wrap{transform: translateY(-0px);}.tatsu-HkWsuyBMuO > .tatsu-bottom-divider{z-index: 9999;}.tatsu-HkWsuyBMuO > .tatsu-top-divider{z-index: 9999;}.tatsu-HkWsuyBMuO .tatsu-section-overlay{mix-blend-mode: normal;}<\/style><\/div>\n","protected":false},"excerpt":{"rendered":"<p><a href=\"https:\/\/dapenalaw.com\/Espanol\/family-law-2\/\" class=\"more-link style1-button\">Read More<\/a><\/p>","protected":false},"author":1,"featured_media":0,"parent":0,"menu_order":0,"comment_status":"closed","ping_status":"closed","template":"","meta":{"footnotes":""},"class_list":["post-335","page","type-page","status-publish","hentry"],"_links":{"self":[{"href":"https:\/\/dapenalaw.com\/Espanol\/wp-json\/wp\/v2\/pages\/335","targetHints":{"allow":["GET"]}}],"collection":[{"href":"https:\/\/dapenalaw.com\/Espanol\/wp-json\/wp\/v2\/pages"}],"about":[{"href":"https:\/\/dapenalaw.com\/Espanol\/wp-json\/wp\/v2\/types\/page"}],"author":[{"embeddable":true,"href":"https:\/\/dapenalaw.com\/Espanol\/wp-json\/wp\/v2\/users\/1"}],"replies":[{"embeddable":true,"href":"https:\/\/dapenalaw.com\/Espanol\/wp-json\/wp\/v2\/comments?post=335"}],"version-history":[{"count":12,"href":"https:\/\/dapenalaw.com\/Espanol\/wp-json\/wp\/v2\/pages\/335\/revisions"}],"predecessor-version":[{"id":458,"href":"https:\/\/dapenalaw.com\/Espanol\/wp-json\/wp\/v2\/pages\/335\/revisions\/458"}],"wp:attachment":[{"href":"https:\/\/dapenalaw.com\/Espanol\/wp-json\/wp\/v2\/media?parent=335"}],"curies":[{"name":"wp","href":"https:\/\/api.w.org\/{rel}","templated":true}]}}