{"id":328,"date":"2021-09-20T19:17:15","date_gmt":"2021-09-20T19:17:15","guid":{"rendered":"http:\/\/dapenalaw.com\/Espanol\/?page_id=328"},"modified":"2024-12-11T16:28:09","modified_gmt":"2024-12-11T16:28:09","slug":"evaluation-form-espanol","status":"publish","type":"page","link":"https:\/\/dapenalaw.com\/Espanol\/evaluation-form-espanol\/","title":{"rendered":"Evaluation Form \u2013\u00a0Espanol"},"content":{"rendered":"<div  class=\"tatsu-HJtS7Vfdd tatsu-section  tatsu-parallax tatsu-section-custom-height   tatsu-clearfix\" data-title=\"\"  data-headerscheme=\"background--dark\"><div class = \"tatsu-custom-height-wrap\"><div class='tatsu-section-pad clearfix' data-padding='{\"d\":\"50px 0px 50px 0px\"}' data-padding-top='50px'><div class=\"tatsu-row-wrap  tatsu-wrap tatsu-row-one-col tatsu-row-has-one-cols tatsu-medium-gutter tatsu-reg-cols  tatsu-clearfix tatsu-B1gtHm4zOd\" ><div  class=\"tatsu-row \" ><div  class=\"tatsu-column  tatsu-column-no-bg tatsu-one-col tatsu-column-image-none tatsu-column-effect-none  tatsu-SkZKrm4GOd\"  data-parallax-speed=\"0\" style=\"\"><div class=\"tatsu-column-inner \" ><div class=\"tatsu-column-pad-wrap\"><div class=\"tatsu-column-pad\" ><div  class=\"tatsu-module tatsu-text-block-wrap tatsu-S1whXVf_d  \"><div class=\"tatsu-text-inner tatsu-align-center tatsu-animate clearfix\" data-animation=\"fadeInUp\"  ><style>.tatsu-S1whXVf_d.tatsu-text-block-wrap .tatsu-text-inner{width: 100%;text-align: left;}<\/style>\n<h1 style=\"text-align: center;\"><span style=\"color: #ffffff;\"><b class=\"\">Solicita una Evaluaci\u00f3n Gratis<\/b><\/span><\/h1>\n<\/div><\/div><\/div><\/div><div class = \"tatsu-column-bg-image-wrap\"><div class = \"tatsu-column-bg-image\" ><\/div><\/div><\/div><style>.tatsu-row > .tatsu-SkZKrm4GOd.tatsu-column{width: 100%;}.tatsu-SkZKrm4GOd.tatsu-column > .tatsu-column-inner > .tatsu-column-overlay{mix-blend-mode: none;}.tatsu-SkZKrm4GOd > .tatsu-column-inner > .tatsu-top-divider{z-index: 9999;}.tatsu-SkZKrm4GOd > .tatsu-column-inner > .tatsu-bottom-divider{z-index: 9999;}.tatsu-SkZKrm4GOd > .tatsu-column-inner > .tatsu-left-divider{z-index: 9999;}.tatsu-SkZKrm4GOd > .tatsu-column-inner > .tatsu-right-divider{z-index: 9999;}<\/style><\/div><\/div><\/div><\/div><div class=\"tatsu-section-background-wrap tatsu-parallax-element-wrap\"><div class = \"tatsu-section-background tatsu-parallax-element\" ><\/div><\/div><\/div><style>.tatsu-HJtS7Vfdd.tatsu-section{background-color: rgba(0,0,0,1);}.tatsu-HJtS7Vfdd .tatsu-section-background{background-image: url(http:\/\/dapenalaw.com\/Espanol\/wp-content\/uploads\/2021\/05\/hero_4.jpg);background-repeat: no-repeat;background-attachment: scroll;background-position: center center;background-size: cover;}.tatsu-HJtS7Vfdd .tatsu-bg-blur{background-repeat: no-repeat;background-attachment: scroll;background-position: center center;background-size: cover;}.tatsu-HJtS7Vfdd .tatsu-section-pad{padding: 50px 0px 50px 0px;}.tatsu-HJtS7Vfdd > .tatsu-bottom-divider{z-index: 9999;}.tatsu-HJtS7Vfdd > .tatsu-top-divider{z-index: 9999;}.tatsu-HJtS7Vfdd .tatsu-custom-height-wrap{align-items: center;min-height: 40vh;}<\/style><\/div><div  class=\"tatsu-S1W4ufEfdu tatsu-section  tatsu-bg-overlay   tatsu-clearfix\" data-title=\"\"  data-headerscheme=\"background--dark\"><div class='tatsu-section-pad clearfix' data-padding='{\"d\":\"90px 0px 45px 0px\"}' data-padding-top='90px'><div class=\"tatsu-row-wrap  tatsu-wrap tatsu-row-has-one-half tatsu-row-has-two-cols tatsu-medium-gutter tatsu-reg-cols  tatsu-clearfix tatsu-ryl4dG4MOO\" ><div  class=\"tatsu-row \" ><div  class=\"tatsu-column  tatsu-bg-overlay tatsu-one-half tatsu-column-image-none tatsu-column-effect-none  tatsu-H1jcGA66_\"  data-parallax-speed=\"0\" style=\"\"><div class=\"tatsu-column-inner \" ><div class=\"tatsu-column-pad-wrap\"><div class=\"tatsu-column-pad\" ><div  class=\"tatsu-module tatsu-text-block-wrap tatsu-B1g3G0TTu  \"><div class=\"tatsu-text-inner tatsu-align-center  clearfix\" ><style>.tatsu-B1g3G0TTu.tatsu-text-block-wrap .tatsu-text-inner{width: 100%;text-align: left;}<\/style>\n<h2><b class=\"\">\u00bfEst\u00e1s buscando un abogado que te ayude con tu caso?<\/b><\/h2>\n<\/div><\/div><div  class=\"tatsu-module tatsu-text-block-wrap tatsu-HyETz0Ta_  \"><div class=\"tatsu-text-inner tatsu-align-center  clearfix\" ><style>.tatsu-HyETz0Ta_.tatsu-text-block-wrap .tatsu-text-inner{width: 100%;text-align: left;}<\/style>\n<div class=\"\"><span class=\"\">Las Oficinas de DAPENALAW est\u00e1n dedicadas a servir nuestra comunidad latina del estado de la Florida y est\u00e1n estrat\u00e9gicamente localizadas en las ciudades de Miami, Homestead y Tampa. Atendemos casos de accidentes de auto, ca\u00eddas, muerte por negligencia, reclamos de hurac\u00e1n o da\u00f1os a su vivienda o negocio, defensa criminal, derecho de familia, e inmigraci\u00f3n. Combinamos nuestra experiencia con la \u00faltima tecnolog\u00eda para dar la mejor y m\u00e1s apta experiencia a nuestros clientes.<\/span><\/div>\n<div class=\"\"><span class=\"\"><br \/>Creemos en proveer a nuestros clientes con un enfoque personalizado en el manejo de sus casos. Esto nos permite servir necesidades de nuestros clientes de una manera eficaz y productiva.\u00a0<\/span><\/div>\n<\/div><\/div><div  class=\"tatsu-single-image tatsu-module tatsu-image-lazyload tatsu-external-image tatsu-r11KU0aa_  \" ><div class=\"tatsu-single-image-inner \" style=\"\" ><div class = \"tatsu-single-image-padding-wrap\" style = \"\" ><\/div><img class = \"tatsu-gradient-border\" data-src = \"https:\/\/dapenalaw.com\/Espanol\/wp-content\/uploads\/2021\/05\/josedapena.jpg\" alt =\" \"  src =\"data:image\/png;base64,iVBORw0KGgoAAAANSUhEUgAAAAEAAAABCAQAAAC1HAwCAAAAC0lEQVR42mNkYAAAAAYAAjCB0C8AAAAASUVORK5CYII=\"  \/><\/div><style>.tatsu-r11KU0aa_ .tatsu-single-image-inner{border-style: solid;max-width: 100%;}.tatsu-r11KU0aa_.tatsu-single-image{transform: translate3d(0px,0px, 0);}<\/style><\/div><\/div><\/div><div class = \"tatsu-column-bg-image-wrap\"><div class = \"tatsu-column-bg-image\" ><\/div><\/div><div class=\"tatsu-overlay tatsu-column-overlay tatsu-animate-none\" ><\/div><\/div><style>.tatsu-row > .tatsu-H1jcGA66_.tatsu-column{width: 50%;}.tatsu-H1jcGA66_.tatsu-column > .tatsu-column-inner > .tatsu-column-overlay{mix-blend-mode: normal;}.tatsu-H1jcGA66_ > .tatsu-column-inner > .tatsu-top-divider{z-index: 9999;}.tatsu-H1jcGA66_ > .tatsu-column-inner > .tatsu-bottom-divider{z-index: 9999;}.tatsu-H1jcGA66_ > .tatsu-column-inner > .tatsu-left-divider{z-index: 9999;}.tatsu-H1jcGA66_ > .tatsu-column-inner > .tatsu-right-divider{z-index: 9999;}@media only screen and (max-width:1377px) {.tatsu-row > .tatsu-H1jcGA66_.tatsu-column{width: 50%;}}@media only screen and (min-width:768px) and (max-width: 1024px) {.tatsu-row > .tatsu-H1jcGA66_.tatsu-column{width: 50%;}}@media only screen and (max-width: 767px) {.tatsu-row > .tatsu-H1jcGA66_.tatsu-column{width: 100%;}}<\/style><\/div><div  class=\"tatsu-column  tatsu-bg-overlay tatsu-one-half tatsu-column-image-none tatsu-column-effect-none  tatsu-ByWKfNG_O\"  data-parallax-speed=\"0\" style=\"\"><div class=\"tatsu-column-inner \" ><div class=\"tatsu-column-pad-wrap\"><div class=\"tatsu-column-pad\" ><div  class=\"tatsu-shortcode-module tatsu-module tatsu-HJRBfA66d   \"  ><div class=\"wpforms-container wpforms-container-full\" id=\"wpforms-333\"><form id=\"wpforms-form-333\" class=\"wpforms-validate wpforms-form\" data-formid=\"333\" method=\"post\" enctype=\"multipart\/form-data\" action=\"\/Espanol\/wp-json\/wp\/v2\/pages\/328\" data-token=\"f8e61a3083a3407d6baac25fc53a34d6\" data-token-time=\"1775696549\"><noscript class=\"wpforms-error-noscript\">Please enable JavaScript in your browser to complete this form.<\/noscript><div class=\"wpforms-field-container\"><div id=\"wpforms-333-field_4-container\" class=\"wpforms-field wpforms-field-name\" data-field-id=\"4\"><label class=\"wpforms-field-label\" for=\"wpforms-333-field_4\">Nombre <span class=\"wpforms-required-label\">*<\/span><\/label><input type=\"text\" id=\"wpforms-333-field_4\" class=\"wpforms-field-large wpforms-field-required\" name=\"wpforms[fields][4]\" required><\/div><div id=\"wpforms-333-field_3-container\" class=\"wpforms-field wpforms-field-email\" data-field-id=\"3\"><label class=\"wpforms-field-label\" for=\"wpforms-333-field_3\">Email <span class=\"wpforms-required-label\">*<\/span><\/label><input type=\"email\" id=\"wpforms-333-field_3\" class=\"wpforms-field-large wpforms-field-required\" name=\"wpforms[fields][3]\" spellcheck=\"false\" required><\/div><div id=\"wpforms-333-field_5-container\" class=\"wpforms-field wpforms-field-text\" data-field-id=\"5\"><label class=\"wpforms-field-label\" for=\"wpforms-333-field_5\">Ciudad <span class=\"wpforms-required-label\">*<\/span><\/label><input type=\"text\" id=\"wpforms-333-field_5\" class=\"wpforms-field-large wpforms-field-required\" name=\"wpforms[fields][5]\" required><\/div><div id=\"wpforms-333-field_6-container\" class=\"wpforms-field wpforms-field-checkbox\" data-field-id=\"6\"><label class=\"wpforms-field-label\">Escoje tu caso <span class=\"wpforms-required-label\">*<\/span><\/label><ul id=\"wpforms-333-field_6\" class=\"wpforms-field-required\"><li class=\"choice-1 depth-1\"><input type=\"checkbox\" id=\"wpforms-333-field_6_1\" name=\"wpforms[fields][6][]\" value=\"Accidente de Auto\" required ><label class=\"wpforms-field-label-inline\" for=\"wpforms-333-field_6_1\">Accidente de Auto<\/label><\/li><li class=\"choice-2 depth-1\"><input type=\"checkbox\" id=\"wpforms-333-field_6_2\" name=\"wpforms[fields][6][]\" value=\"Accidente de Moto\" required ><label class=\"wpforms-field-label-inline\" for=\"wpforms-333-field_6_2\">Accidente de Moto<\/label><\/li><li class=\"choice-3 depth-1\"><input type=\"checkbox\" id=\"wpforms-333-field_6_3\" name=\"wpforms[fields][6][]\" value=\"Accidente con Camion\" required ><label class=\"wpforms-field-label-inline\" for=\"wpforms-333-field_6_3\">Accidente con Camion<\/label><\/li><li class=\"choice-8 depth-1\"><input type=\"checkbox\" id=\"wpforms-333-field_6_8\" name=\"wpforms[fields][6][]\" value=\"Lesiones\" required ><label class=\"wpforms-field-label-inline\" for=\"wpforms-333-field_6_8\">Lesiones<\/label><\/li><li class=\"choice-7 depth-1\"><input type=\"checkbox\" id=\"wpforms-333-field_6_7\" name=\"wpforms[fields][6][]\" value=\"Muerte Injusta\" required ><label class=\"wpforms-field-label-inline\" for=\"wpforms-333-field_6_7\">Muerte Injusta<\/label><\/li><li class=\"choice-6 depth-1\"><input type=\"checkbox\" id=\"wpforms-333-field_6_6\" name=\"wpforms[fields][6][]\" value=\"Reclamos de Seguro de Propiedad\" required ><label class=\"wpforms-field-label-inline\" for=\"wpforms-333-field_6_6\">Reclamos de Seguro de Propiedad<\/label><\/li><li class=\"choice-5 depth-1\"><input type=\"checkbox\" id=\"wpforms-333-field_6_5\" name=\"wpforms[fields][6][]\" value=\"Ley Familiar\" required ><label class=\"wpforms-field-label-inline\" for=\"wpforms-333-field_6_5\">Ley Familiar<\/label><\/li><li class=\"choice-4 depth-1\"><input type=\"checkbox\" id=\"wpforms-333-field_6_4\" name=\"wpforms[fields][6][]\" value=\"Derecho Criminal\" required ><label class=\"wpforms-field-label-inline\" for=\"wpforms-333-field_6_4\">Derecho Criminal<\/label><\/li><li class=\"choice-9 depth-1\"><input type=\"checkbox\" id=\"wpforms-333-field_6_9\" name=\"wpforms[fields][6][]\" value=\"Otro\" required ><label class=\"wpforms-field-label-inline\" for=\"wpforms-333-field_6_9\">Otro<\/label><\/li><\/ul><\/div><div id=\"wpforms-333-field_1-container\" class=\"wpforms-field wpforms-field-textarea\" data-field-id=\"1\"><label class=\"wpforms-field-label\" for=\"wpforms-333-field_1\">Describe el incidente <span class=\"wpforms-required-label\">*<\/span><\/label><textarea id=\"wpforms-333-field_1\" class=\"wpforms-field-large wpforms-field-required\" name=\"wpforms[fields][1]\" required><\/textarea><\/div><\/div><!-- .wpforms-field-container --><div class=\"wpforms-submit-container\" ><input type=\"hidden\" name=\"wpforms[id]\" value=\"333\"><input type=\"hidden\" name=\"page_title\" value=\"\"><input type=\"hidden\" name=\"page_url\" value=\"https:\/\/dapenalaw.com\/Espanol\/wp-json\/wp\/v2\/pages\/328\"><input type=\"hidden\" name=\"url_referer\" value=\"\"><button type=\"submit\" name=\"wpforms[submit]\" id=\"wpforms-submit-333\" class=\"wpforms-submit\" data-alt-text=\"Sending...\" data-submit-text=\"Submit\" aria-live=\"assertive\" value=\"wpforms-submit\">Submit<\/button><\/div><\/form><\/div>  <!-- .wpforms-container --><br \/>\n<\/div><\/div><\/div><div class = \"tatsu-column-bg-image-wrap\"><div class = \"tatsu-column-bg-image\" ><\/div><\/div><div class=\"tatsu-overlay tatsu-column-overlay tatsu-animate-none\" ><\/div><\/div><style>.tatsu-row > .tatsu-ByWKfNG_O.tatsu-column{width: 50%;}.tatsu-ByWKfNG_O.tatsu-column > .tatsu-column-inner > .tatsu-column-overlay{mix-blend-mode: normal;}.tatsu-ByWKfNG_O > .tatsu-column-inner > .tatsu-top-divider{z-index: 9999;}.tatsu-ByWKfNG_O > .tatsu-column-inner > .tatsu-bottom-divider{z-index: 9999;}.tatsu-ByWKfNG_O > .tatsu-column-inner > .tatsu-left-divider{z-index: 9999;}.tatsu-ByWKfNG_O > .tatsu-column-inner > .tatsu-right-divider{z-index: 9999;}@media only screen and (max-width:1377px) {.tatsu-row > .tatsu-ByWKfNG_O.tatsu-column{width: 50%;}}@media only screen and (min-width:768px) and (max-width: 1024px) {.tatsu-row > .tatsu-ByWKfNG_O.tatsu-column{width: 50%;}}@media only screen and (max-width: 767px) {.tatsu-row > .tatsu-ByWKfNG_O.tatsu-column{width: 100%;}}<\/style><\/div><\/div><\/div><\/div><div class=\"tatsu-section-background-wrap\"><div class = \"tatsu-section-background\" ><\/div><\/div><div class=\"tatsu-overlay tatsu-section-overlay\"><\/div><style>.tatsu-S1W4ufEfdu .tatsu-section-pad{padding: 90px 0px 45px 0px;}.tatsu-S1W4ufEfdu .tatsu-section-offset-wrap{transform: translateY(-0px);}.tatsu-S1W4ufEfdu > .tatsu-bottom-divider{z-index: 9999;}.tatsu-S1W4ufEfdu > .tatsu-top-divider{z-index: 9999;}.tatsu-S1W4ufEfdu .tatsu-section-overlay{mix-blend-mode: normal;}<\/style><\/div><div  class=\"tatsu-HkWsuyBMuO tatsu-section  tatsu-bg-overlay   tatsu-clearfix\" data-title=\"\"  data-headerscheme=\"background--dark\"><div class='tatsu-section-pad clearfix' data-padding='{\"d\":\"90px 0px 90px 0px\"}' data-padding-top='90px'><div class=\"tatsu-row-wrap  tatsu-wrap tatsu-row-one-col tatsu-row-has-one-cols tatsu-medium-gutter tatsu-reg-cols  tatsu-clearfix tatsu-HygjdkSz_u\" ><div  class=\"tatsu-row \" ><div  class=\"tatsu-column  tatsu-bg-overlay tatsu-one-col tatsu-column-image-none tatsu-column-effect-none  tatsu-Hks_kSfuu\"  data-parallax-speed=\"0\" style=\"\"><div class=\"tatsu-column-inner \" ><div class=\"tatsu-column-pad-wrap\"><div class=\"tatsu-column-pad\" ><div  class=\"tatsu-module tatsu-text-block-wrap tatsu-r1N9krzOO  \"><div class=\"tatsu-text-inner tatsu-align-center  clearfix\" ><style>.tatsu-r1N9krzOO.tatsu-text-block-wrap .tatsu-text-inner{width: 100%;text-align: left;}<\/style>\n<h3 style=\"text-align: center;\"><span style=\"color: #ffffff;\">\u00bfNecesita ayuda y una respuesta r\u00e1pida?<br \/><\/span><span style=\"color: #ffffff;\">Ll\u00e1manos.<\/span><\/h3>\n<h3 style=\"text-align: center;\"><span style=\"color: #ffffff;\">\u00a0<\/span><\/h3>\n<\/div><\/div><div  class=\"tatsu-module tatsu-text-block-wrap tatsu-ByxP8DEcd  \"><div class=\"tatsu-text-inner tatsu-align-center  clearfix\" ><style>.tatsu-ByxP8DEcd.tatsu-text-block-wrap .tatsu-text-inner{width: 100%;text-align: left;}<\/style>\n<h5 style=\"text-align: center;\"><span style=\"color: #ffffff;\"><a href=\"http:\/\/dapenalaw.com\/Espanol\/miami\">Miami<\/a>\u00a0| <a href=\"http:\/\/dapenalaw.com\/Espanol\/orlando\">Orlando<\/a>\u00a0| <a href=\"http:\/\/dapenalaw.com\/Espanol\/homestead\">Homestead<\/a>\u00a0| <a href=\"http:\/\/dapenalaw.com\/Espanol\/tampa\">Tampa <\/a>| <a href=\"https:\/\/dapenalaw.com\/Espanol\/fort-myers\/\">Fort Myers<\/a><\/span><\/h5>\n<h5 style=\"text-align: center;\">\u00a0<\/h5>\n<\/div><\/div><\/div><\/div><div class = \"tatsu-column-bg-image-wrap\"><div class = \"tatsu-column-bg-image\" ><\/div><\/div><div class=\"tatsu-overlay tatsu-column-overlay tatsu-animate-none\" ><\/div><\/div><style>.tatsu-row > .tatsu-Hks_kSfuu.tatsu-column{width: 100%;}.tatsu-Hks_kSfuu.tatsu-column > .tatsu-column-inner > .tatsu-column-overlay{mix-blend-mode: normal;}.tatsu-Hks_kSfuu > .tatsu-column-inner > .tatsu-top-divider{z-index: 9999;}.tatsu-Hks_kSfuu > .tatsu-column-inner > .tatsu-bottom-divider{z-index: 9999;}.tatsu-Hks_kSfuu > .tatsu-column-inner > .tatsu-left-divider{z-index: 9999;}.tatsu-Hks_kSfuu > .tatsu-column-inner > .tatsu-right-divider{z-index: 9999;}@media only screen and (max-width:1377px) {.tatsu-row > .tatsu-Hks_kSfuu.tatsu-column{width: 100%;}}@media only screen and (min-width:768px) and (max-width: 1024px) {.tatsu-row > .tatsu-Hks_kSfuu.tatsu-column{width: 100%;}}@media only screen and (max-width: 767px) {.tatsu-row > .tatsu-Hks_kSfuu.tatsu-column{width: 100%;}}<\/style><\/div><\/div><\/div><\/div><div class=\"tatsu-section-background-wrap\"><div class = \"tatsu-section-background\" ><\/div><\/div><div class=\"tatsu-overlay tatsu-section-overlay\"><\/div><style>.tatsu-HkWsuyBMuO.tatsu-section{background-color: rgba(0,0,0,1);}.tatsu-HkWsuyBMuO .tatsu-section-pad{padding: 90px 0px 90px 0px;}.tatsu-HkWsuyBMuO .tatsu-section-offset-wrap{transform: translateY(-0px);}.tatsu-HkWsuyBMuO > .tatsu-bottom-divider{z-index: 9999;}.tatsu-HkWsuyBMuO > .tatsu-top-divider{z-index: 9999;}.tatsu-HkWsuyBMuO .tatsu-section-overlay{mix-blend-mode: normal;}<\/style><\/div>\n","protected":false},"excerpt":{"rendered":"<p><a href=\"https:\/\/dapenalaw.com\/Espanol\/evaluation-form-espanol\/\" class=\"more-link style1-button\">Read More<\/a><\/p>","protected":false},"author":1,"featured_media":0,"parent":0,"menu_order":0,"comment_status":"closed","ping_status":"closed","template":"","meta":{"footnotes":""},"class_list":["post-328","page","type-page","status-publish","hentry"],"_links":{"self":[{"href":"https:\/\/dapenalaw.com\/Espanol\/wp-json\/wp\/v2\/pages\/328","targetHints":{"allow":["GET"]}}],"collection":[{"href":"https:\/\/dapenalaw.com\/Espanol\/wp-json\/wp\/v2\/pages"}],"about":[{"href":"https:\/\/dapenalaw.com\/Espanol\/wp-json\/wp\/v2\/types\/page"}],"author":[{"embeddable":true,"href":"https:\/\/dapenalaw.com\/Espanol\/wp-json\/wp\/v2\/users\/1"}],"replies":[{"embeddable":true,"href":"https:\/\/dapenalaw.com\/Espanol\/wp-json\/wp\/v2\/comments?post=328"}],"version-history":[{"count":7,"href":"https:\/\/dapenalaw.com\/Espanol\/wp-json\/wp\/v2\/pages\/328\/revisions"}],"predecessor-version":[{"id":456,"href":"https:\/\/dapenalaw.com\/Espanol\/wp-json\/wp\/v2\/pages\/328\/revisions\/456"}],"wp:attachment":[{"href":"https:\/\/dapenalaw.com\/Espanol\/wp-json\/wp\/v2\/media?parent=328"}],"curies":[{"name":"wp","href":"https:\/\/api.w.org\/{rel}","templated":true}]}}