{"id":291,"date":"2021-09-17T13:52:54","date_gmt":"2021-09-17T13:52:54","guid":{"rendered":"http:\/\/dapenalaw.com\/Espanol\/?page_id=291"},"modified":"2024-12-12T15:07:03","modified_gmt":"2024-12-12T15:07:03","slug":"sobre-nosotros","status":"publish","type":"page","link":"https:\/\/dapenalaw.com\/Espanol\/","title":{"rendered":"Sobre Nosotros"},"content":{"rendered":"<div  class=\"tatsu-SkZ74fNzdO tatsu-section  tatsu-bg-overlay   tatsu-clearfix\" data-title=\"\"  data-headerscheme=\"background--dark\"><div class='tatsu-section-pad clearfix' data-padding='{\"d\":\"90px 0px 90px 0px\"}' data-padding-top='90px'><div class=\"tatsu-row-wrap  tatsu-wrap tatsu-row-one-col tatsu-row-has-one-cols tatsu-medium-gutter tatsu-reg-cols  tatsu-clearfix tatsu-H1xXVM4Gdd\" ><div  class=\"tatsu-row \" ><div  class=\"tatsu-column  tatsu-bg-overlay tatsu-one-col tatsu-column-image-none tatsu-column-effect-none  tatsu-rymVGEzuu\"  data-parallax-speed=\"0\" style=\"\"><div class=\"tatsu-column-inner \" ><div class=\"tatsu-column-pad-wrap\"><div class=\"tatsu-column-pad\" ><div  class=\"tatsu-module tatsu-video tatsu-hosted-wrap tatsu-hwijeivolp8edv85   tatsu-animate\" data-animation=\"fadeIn\"  data-animation-duration=\"459\"><style>.tatsu-hwijeivolp8edv85{padding: 50px 0px 50px 0px;}<\/style><video  width = \"100%\" controls controlsList=\"nodownload\" poster = \"https:\/\/dapenalaw.com\/wp-content\/uploads\/2023\/07\/dapena_videostill.jpg\"    ><source src=\"https:\/\/dapenalaw.com\/dapena_video_smaller.mov\" type=\"video\/mp4\"><\/video><\/div><div  class=\"tatsu-module tatsu-inline-text clearfix tatsu-HyZPiQJYd   \" ><style>.tatsu-HyZPiQJYd .tatsu-inline-text-inner{width: 100%;text-align: left;}@media only screen and (max-width: 767px) {.tatsu-HyZPiQJYd .tatsu-inline-text-inner{width: 100%;}}<\/style><div class=\"tatsu-inline-text-inner tatsu-align-center\">\n<p><strong><span class=\"palette-0\">NUESTRA MISSION<\/span><\/strong><\/p>\n<\/div><\/div><div  class=\"tatsu-module tatsu-text-block-wrap tatsu-r1nGsQJtO  \"><div class=\"tatsu-text-inner  tatsu-animate clearfix\" data-animation=\"fadeIn\"  ><style>.tatsu-r1nGsQJtO.tatsu-text-block-wrap .tatsu-text-inner{width: 93%;text-align: left;}.tatsu-r1nGsQJtO.tatsu-text-block-wrap{margin: 0px 0px 45px 0px;}<\/style>\n<h4><span style=\"color: #ffffff;\">Nuestra misi\u00f3n es continuar nuestra pr\u00e1ctica como vocaci\u00f3n y no simplemente como un negocio. Nuestros clientes no son casos en un archivador, sino seres humanos que requieren y merecen atenci\u00f3n, lealtad y respeto.<\/span><\/h4>\n<\/div><\/div><\/div><\/div><div class = \"tatsu-column-bg-image-wrap\"><div class = \"tatsu-column-bg-image\" ><\/div><\/div><div class=\"tatsu-overlay tatsu-column-overlay tatsu-animate-none\" ><\/div><\/div><style>.tatsu-row > .tatsu-rymVGEzuu.tatsu-column{width: 100%;}.tatsu-rymVGEzuu.tatsu-column > .tatsu-column-inner > .tatsu-column-overlay{mix-blend-mode: normal;}.tatsu-rymVGEzuu > .tatsu-column-inner > .tatsu-top-divider{z-index: 9999;}.tatsu-rymVGEzuu > .tatsu-column-inner > .tatsu-bottom-divider{z-index: 9999;}.tatsu-rymVGEzuu > .tatsu-column-inner > .tatsu-left-divider{z-index: 9999;}.tatsu-rymVGEzuu > .tatsu-column-inner > .tatsu-right-divider{z-index: 9999;}@media only screen and (max-width:1377px) {.tatsu-row > .tatsu-rymVGEzuu.tatsu-column{width: 100%;}}@media only screen and (min-width:768px) and (max-width: 1024px) {.tatsu-row > .tatsu-rymVGEzuu.tatsu-column{width: 100%;}}@media only screen and (max-width: 767px) {.tatsu-row > .tatsu-rymVGEzuu.tatsu-column{width: 100%;}}<\/style><\/div><\/div><\/div><\/div><div class=\"tatsu-section-background-wrap\"><div class = \"tatsu-section-background\" ><\/div><\/div><div class=\"tatsu-overlay tatsu-section-overlay\"><\/div><style>.tatsu-SkZ74fNzdO.tatsu-section{background-color: rgba(0,0,0,1);}.tatsu-SkZ74fNzdO .tatsu-section-pad{padding: 90px 0px 90px 0px;}.tatsu-SkZ74fNzdO .tatsu-section-offset-wrap{transform: translateY(-0px);}.tatsu-SkZ74fNzdO > .tatsu-bottom-divider{z-index: 9999;}.tatsu-SkZ74fNzdO > .tatsu-top-divider{z-index: 9999;}.tatsu-SkZ74fNzdO .tatsu-section-overlay{mix-blend-mode: normal;}<\/style><\/div><div  class=\"tatsu-S1W4ufEfdu tatsu-section  tatsu-bg-overlay   tatsu-clearfix\" data-title=\"\"  data-headerscheme=\"background--dark\"><div class='tatsu-section-pad clearfix' data-padding='{\"d\":\"90px 0px 90px 0px\"}' data-padding-top='90px'><div class=\"tatsu-row-wrap  tatsu-wrap tatsu-row-has-one-half tatsu-row-has-two-cols tatsu-medium-gutter tatsu-reg-cols  tatsu-clearfix tatsu-ryl4dG4MOO\" ><div  class=\"tatsu-row \" ><div  class=\"tatsu-column  tatsu-bg-overlay tatsu-one-half tatsu-column-image-none tatsu-column-effect-none  tatsu-ByWKfNG_O\"  data-parallax-speed=\"0\" style=\"\"><div class=\"tatsu-column-inner \" ><div class=\"tatsu-column-pad-wrap\"><div class=\"tatsu-column-pad\" ><div  class=\"tatsu-module tatsu-text-block-wrap tatsu-Bk2tfEzdO  \"><div class=\"tatsu-text-inner tatsu-align-center tatsu-animate clearfix\" data-animation=\"fadeInLeft\"  ><style>.tatsu-Bk2tfEzdO.tatsu-text-block-wrap .tatsu-text-inner{width: 100%;text-align: left;}<\/style>\n<h5>Nuestra firma se dedica a representar personas seriamente lesionadas en todo tipo de accidente y a familias que han sufrido la p\u00e9rdida de un ser querido por causa de la negligencia de otro. Nuestras oficinas, estrat\u00e9gicamente ubicadas en Miami, Homestead, Orlando, Fort Myers y Tampa, nos permiten atender clientes a nivel estatal.<\/h5>\n<h5>Nuestra meta es proveer a nuestros clientes con servicio personalizado de manera eficaz y productiva.<\/h5>\n<\/div><\/div><\/div><\/div><div class = \"tatsu-column-bg-image-wrap\"><div class = \"tatsu-column-bg-image\" ><\/div><\/div><div class=\"tatsu-overlay tatsu-column-overlay tatsu-animate-none\" ><\/div><\/div><style>.tatsu-row > .tatsu-ByWKfNG_O.tatsu-column{width: 50%;}.tatsu-ByWKfNG_O.tatsu-column > .tatsu-column-inner > .tatsu-column-overlay{mix-blend-mode: normal;}.tatsu-ByWKfNG_O > .tatsu-column-inner > .tatsu-top-divider{z-index: 9999;}.tatsu-ByWKfNG_O > .tatsu-column-inner > .tatsu-bottom-divider{z-index: 9999;}.tatsu-ByWKfNG_O > .tatsu-column-inner > .tatsu-left-divider{z-index: 9999;}.tatsu-ByWKfNG_O > .tatsu-column-inner > .tatsu-right-divider{z-index: 9999;}@media only screen and (max-width:1377px) {.tatsu-row > .tatsu-ByWKfNG_O.tatsu-column{width: 50%;}}@media only screen and (min-width:768px) and (max-width: 1024px) {.tatsu-row > .tatsu-ByWKfNG_O.tatsu-column{width: 50%;}}@media only screen and (max-width: 767px) {.tatsu-row > .tatsu-ByWKfNG_O.tatsu-column{width: 100%;}}<\/style><\/div><div  class=\"tatsu-column  tatsu-bg-overlay tatsu-one-half tatsu-column-align-middle tatsu-column-image-none tatsu-column-effect-none  tatsu-Skx-tGEzd_\"  data-parallax-speed=\"0\" style=\"\"><div class=\"tatsu-column-inner \" ><div class=\"tatsu-column-pad-wrap\"><div class=\"tatsu-column-pad\" ><div  class=\"tatsu-single-image tatsu-module tatsu-animate tatsu-image-lazyload tatsu-external-image tatsu-SJA-XOnY_  \" data-animation=\"fadeInRight\"  ><div class=\"tatsu-single-image-inner \" style=\"\" ><div class = \"tatsu-single-image-padding-wrap\" style = \"\" ><\/div><img class = \"tatsu-gradient-border\" data-src = \"https:\/\/dapenalaw.com\/Espanol\/wp-content\/uploads\/2023\/07\/dl_home.jpg\" alt =\" \"  src =\"data:image\/png;base64,iVBORw0KGgoAAAANSUhEUgAAAAEAAAABCAQAAAC1HAwCAAAAC0lEQVR42mNkYAAAAAYAAjCB0C8AAAAASUVORK5CYII=\"  \/><\/div><style>.tatsu-SJA-XOnY_ .tatsu-single-image-inner{border-style: solid;max-width: 100%;}.tatsu-SJA-XOnY_.tatsu-single-image{transform: translate3d(0px,0px, 0);}<\/style><\/div><\/div><\/div><div class = \"tatsu-column-bg-image-wrap\"><div class = \"tatsu-column-bg-image\" ><\/div><\/div><div class=\"tatsu-overlay tatsu-column-overlay tatsu-animate-none\" ><\/div><\/div><style>.tatsu-row > .tatsu-Skx-tGEzd_.tatsu-column{width: 50%;}.tatsu-Skx-tGEzd_.tatsu-column{margin: 0px 0px 0px 0px !important;}.tatsu-Skx-tGEzd_.tatsu-column > .tatsu-column-inner > .tatsu-column-overlay{mix-blend-mode: normal;}.tatsu-Skx-tGEzd_ > .tatsu-column-inner > .tatsu-top-divider{z-index: 9999;}.tatsu-Skx-tGEzd_ > .tatsu-column-inner > .tatsu-bottom-divider{z-index: 9999;}.tatsu-Skx-tGEzd_ > .tatsu-column-inner > .tatsu-left-divider{z-index: 9999;}.tatsu-Skx-tGEzd_ > .tatsu-column-inner > .tatsu-right-divider{z-index: 9999;}@media only screen and (max-width:1377px) {.tatsu-row > .tatsu-Skx-tGEzd_.tatsu-column{width: 50%;}}@media only screen and (min-width:768px) and (max-width: 1024px) {.tatsu-row > .tatsu-Skx-tGEzd_.tatsu-column{width: 50%;}}@media only screen and (max-width: 767px) {.tatsu-row > .tatsu-Skx-tGEzd_.tatsu-column{width: 100%;}}<\/style><\/div><\/div><\/div><\/div><div class=\"tatsu-section-background-wrap\"><div class = \"tatsu-section-background\" ><\/div><\/div><div class=\"tatsu-overlay tatsu-section-overlay\"><\/div><style>.tatsu-S1W4ufEfdu .tatsu-section-pad{padding: 90px 0px 90px 0px;}.tatsu-S1W4ufEfdu .tatsu-section-offset-wrap{transform: translateY(-0px);}.tatsu-S1W4ufEfdu > .tatsu-bottom-divider{z-index: 9999;}.tatsu-S1W4ufEfdu > .tatsu-top-divider{z-index: 9999;}.tatsu-S1W4ufEfdu .tatsu-section-overlay{mix-blend-mode: normal;}<\/style><\/div><div  class=\"tatsu-BkWBX1HMOu tatsu-section  tatsu-bg-overlay   tatsu-clearfix\" data-title=\"\"  data-headerscheme=\"background--dark\"><div class='tatsu-section-pad clearfix' data-padding='{\"d\":\"90px 0px 90px 0px\"}' data-padding-top='90px'><div class=\"tatsu-row-wrap  tatsu-wrap tatsu-row-one-col tatsu-row-has-one-cols tatsu-medium-gutter tatsu-reg-cols  tatsu-clearfix tatsu-rkgBX1BGdu\" ><div  class=\"tatsu-row \" ><div  class=\"tatsu-column  tatsu-bg-overlay tatsu-one-col tatsu-column-image-none tatsu-column-effect-none  tatsu-SkrXJBGu_\"  data-parallax-speed=\"0\" style=\"\"><div class=\"tatsu-column-inner \" ><div class=\"tatsu-column-pad-wrap\"><div class=\"tatsu-column-pad\" ><div  class=\"tatsu-module tatsu-text-block-wrap tatsu-SJYQJHzu_  \"><div class=\"tatsu-text-inner tatsu-align-center  clearfix\" ><style>.tatsu-SJYQJHzu_.tatsu-text-block-wrap .tatsu-text-inner{width: 85%;text-align: left;}<\/style>\n<h5 style=\"text-align: center;\">El Licenciado Jos\u00e9 A. Dapena tiene mas de 20 a\u00f1os de experiencia en litigio civil. El Licensiado Dapena comenzo su carrera legal ejerciendo en el area de derecho maritimo, defendiendo reclamaciones de carga y accidentes en alta mar. En el 2002, el Licensiado Dapena trabajo como abogado interno para una compa\u00f1ia de seguros de auto en el departamento de litigio. Un tiempo despues el Licensiado Dapena abrio su propia practica y desde entonces se ha dedicado a representar victimas de accidents de auto y personas que han sufrido la perdida de un miembro de su familia por la negligencia de otro.<\/h5>\n<\/div><\/div><div  class=\"tatsu-module tatsu-normal-button tatsu-button-wrap align-block block-center  tatsu-BJbUerfud   \"><a class=\"tatsu-shortcode mediumbtn tatsu-button left-icon circular   bg-animation-none  \" href=\"http:\/\/dapenalaw.com\/Espanol\/jose-a-dapena-p-a\" style= \"\"  aria-label=\"aprender m\u00e1s\" data-gdpr-atts={} >aprender m\u00e1s<\/a><style>.tatsu-BJbUerfud .tatsu-button{background-color: rgba(238,84,47,1);color: rgba(255,255,255,1) ;border-color: rgba(238,84,47,1); }.tatsu-BJbUerfud .tatsu-button:hover{color: rgba(255,255,255,1) ;border-color: rgba(238,84,47,1); }<\/style><\/div><\/div><\/div><div class = \"tatsu-column-bg-image-wrap\"><div class = \"tatsu-column-bg-image\" ><\/div><\/div><div class=\"tatsu-overlay tatsu-column-overlay tatsu-animate-none\" ><\/div><\/div><style>.tatsu-row > .tatsu-SkrXJBGu_.tatsu-column{width: 100%;}.tatsu-SkrXJBGu_.tatsu-column > .tatsu-column-inner > .tatsu-column-overlay{mix-blend-mode: normal;}.tatsu-SkrXJBGu_ > .tatsu-column-inner > .tatsu-top-divider{z-index: 9999;}.tatsu-SkrXJBGu_ > .tatsu-column-inner > .tatsu-bottom-divider{z-index: 9999;}.tatsu-SkrXJBGu_ > .tatsu-column-inner > .tatsu-left-divider{z-index: 9999;}.tatsu-SkrXJBGu_ > .tatsu-column-inner > .tatsu-right-divider{z-index: 9999;}@media only screen and (max-width:1377px) {.tatsu-row > .tatsu-SkrXJBGu_.tatsu-column{width: 100%;}}@media only screen and (min-width:768px) and (max-width: 1024px) {.tatsu-row > .tatsu-SkrXJBGu_.tatsu-column{width: 100%;}}@media only screen and (max-width: 767px) {.tatsu-row > .tatsu-SkrXJBGu_.tatsu-column{width: 100%;}}<\/style><\/div><\/div><\/div><\/div><div class=\"tatsu-section-background-wrap\"><div class = \"tatsu-section-background\" ><\/div><\/div><div class=\"tatsu-overlay tatsu-section-overlay\"><\/div><style>.tatsu-BkWBX1HMOu.tatsu-section{background-color: rgba(238,238,238,1);}.tatsu-BkWBX1HMOu .tatsu-section-pad{padding: 90px 0px 90px 0px;}.tatsu-BkWBX1HMOu .tatsu-section-offset-wrap{transform: translateY(-0px);}.tatsu-BkWBX1HMOu > .tatsu-bottom-divider{z-index: 9999;}.tatsu-BkWBX1HMOu > .tatsu-top-divider{z-index: 9999;}.tatsu-BkWBX1HMOu .tatsu-section-overlay{mix-blend-mode: normal;}<\/style><\/div><div  class=\"tatsu-HkWsuyBMuO tatsu-section  tatsu-bg-overlay   tatsu-clearfix\" data-title=\"\"  data-headerscheme=\"background--dark\"><div class='tatsu-section-pad clearfix' data-padding='{\"d\":\"90px 0px 90px 0px\"}' data-padding-top='90px'><div class=\"tatsu-row-wrap  tatsu-wrap tatsu-row-one-col tatsu-row-has-one-cols tatsu-medium-gutter tatsu-reg-cols  tatsu-clearfix tatsu-HygjdkSz_u\" ><div  class=\"tatsu-row \" ><div  class=\"tatsu-column  tatsu-bg-overlay tatsu-one-col tatsu-column-image-none tatsu-column-effect-none  tatsu-Hks_kSfuu\"  data-parallax-speed=\"0\" style=\"\"><div class=\"tatsu-column-inner \" ><div class=\"tatsu-column-pad-wrap\"><div class=\"tatsu-column-pad\" ><div  class=\"tatsu-module tatsu-text-block-wrap tatsu-r1N9krzOO  \"><div class=\"tatsu-text-inner tatsu-align-center  clearfix\" ><style>.tatsu-r1N9krzOO.tatsu-text-block-wrap .tatsu-text-inner{width: 100%;text-align: left;}<\/style>\n<h3 style=\"text-align: center;\"><span style=\"color: #ffffff;\">\u00bfNecesita ayuda y una respuesta r\u00e1pida?<\/span><br \/><span style=\"color: #ffffff;\">Ll\u00e1manos.<\/span><\/h3>\n<\/div><\/div><div  class=\"tatsu-module tatsu-normal-button tatsu-button-wrap align-block block-center  tatsu-BkCnd92p_   \"><a class=\"tatsu-shortcode mediumbtn tatsu-button left-icon circular   bg-animation-none  \" href=\"http:\/\/dapenalaw.com\/Espanol\/evaluation-form\" style= \"\"  aria-label=\"COMUNICATE\" data-gdpr-atts={} >COMUNICATE<\/a><style>.tatsu-BkCnd92p_ .tatsu-button{background-color: rgba(238,84,47,1);color: rgba(255,255,255,1) ;border-color: rgba(238,84,47,1); }.tatsu-BkCnd92p_ .tatsu-button:hover{color: rgba(255,255,255,1) ;border-color: rgba(238,84,47,1); }<\/style><\/div><div  class=\"tatsu-module tatsu-text-block-wrap tatsu-ByxP8DEcd  \"><div class=\"tatsu-text-inner tatsu-align-center  clearfix\" ><style>.tatsu-ByxP8DEcd.tatsu-text-block-wrap .tatsu-text-inner{width: 100%;text-align: left;}<\/style>\n<h5 style=\"text-align: center;\"><span style=\"color: #ffffff;\"><a href=\"http:\/\/dapenalaw.com\/Espanol\/miami\">Miami<\/a>\u00a0| <a href=\"http:\/\/dapenalaw.com\/Espanol\/orlando\">Orlando<\/a>\u00a0| <a href=\"http:\/\/dapenalaw.com\/Espanol\/homestead\">Homestead<\/a>\u00a0| <a href=\"http:\/\/dapenalaw.com\/Espanol\/tampa\">Tampa <\/a>| <a href=\"https:\/\/dapenalaw.com\/Espanol\/fort-myers\/\">Fort Myers<\/a><\/span><\/h5>\n<\/div><\/div><div  class=\"tatsu-module tatsu-icon-group tatsu-H1xJPtc3pO  \"  ><style>.tatsu-H1xJPtc3pO.tatsu-icon-group{text-align: center;margin: 0px 0px 20px 0px;}<\/style><div  class=\"tatsu-module tatsu-normal-icon tatsu-icon-shortcode align-none tatsu-B1yPKc3pu   \"><style>.tatsu-B1yPKc3pu .tatsu-icon{color: rgba(238,84,47,1) ;}.tatsu-B1yPKc3pu{border-width: 0px 0px 0px 0px;}<\/style><a href=\"https:\/\/www.facebook.com\/josedapenalaw\/\"  class=\"tatsu-icon-wrap plain  tatsu-animate    \" data-animation=\"fadeIn\"   aria-label=\"icon-facebook2\" data-gdpr-atts={}  target=\"_blank\" ><i class=\"tatsu-icon tatsu-custom-icon tatsu-custom-icon-class icon-facebook2 small plain\"><\/i><\/a><\/div><div  class=\"tatsu-module tatsu-normal-icon tatsu-icon-shortcode align-none tatsu-ryJ_tc2au   \"><style>.tatsu-ryJ_tc2au .tatsu-icon{color: rgba(238,84,47,1) ;}.tatsu-ryJ_tc2au{border-width: 0px 0px 0px 0px;}<\/style><a href=\"https:\/\/www.instagram.com\/josedapena_p.a\/\"  class=\"tatsu-icon-wrap plain  tatsu-animate    \" data-animation=\"fadeIn\"   aria-label=\"icon-social_instagram\" data-gdpr-atts={}  target=\"_blank\" ><i class=\"tatsu-icon tatsu-custom-icon tatsu-custom-icon-class icon-social_instagram small plain\"><\/i><\/a><\/div><div  class=\"tatsu-module tatsu-normal-icon tatsu-icon-shortcode align-none tatsu-Bkz_K5n6_   \"><style>.tatsu-Bkz_K5n6_ .tatsu-icon{color: rgba(238,84,47,1) ;}.tatsu-Bkz_K5n6_{border-width: 0px 0px 0px 0px;}<\/style><a href=\"https:\/\/www.youtube.com\/channel\/UCP_cS3bn6ZsYqguIePKuVxg\"  class=\"tatsu-icon-wrap plain  tatsu-animate    \" data-animation=\"fadeIn\"   aria-label=\"icon-social_youtube\" data-gdpr-atts={}  target=\"_blank\" ><i class=\"tatsu-icon tatsu-custom-icon tatsu-custom-icon-class icon-social_youtube small plain\"><\/i><\/a><\/div><\/div><\/div><\/div><div class = \"tatsu-column-bg-image-wrap\"><div class = \"tatsu-column-bg-image\" ><\/div><\/div><div class=\"tatsu-overlay tatsu-column-overlay tatsu-animate-none\" ><\/div><\/div><style>.tatsu-row > .tatsu-Hks_kSfuu.tatsu-column{width: 100%;}.tatsu-Hks_kSfuu.tatsu-column > .tatsu-column-inner > .tatsu-column-overlay{mix-blend-mode: normal;}.tatsu-Hks_kSfuu > .tatsu-column-inner > .tatsu-top-divider{z-index: 9999;}.tatsu-Hks_kSfuu > .tatsu-column-inner > .tatsu-bottom-divider{z-index: 9999;}.tatsu-Hks_kSfuu > .tatsu-column-inner > .tatsu-left-divider{z-index: 9999;}.tatsu-Hks_kSfuu > .tatsu-column-inner > .tatsu-right-divider{z-index: 9999;}@media only screen and (max-width:1377px) {.tatsu-row > .tatsu-Hks_kSfuu.tatsu-column{width: 100%;}}@media only screen and (min-width:768px) and (max-width: 1024px) {.tatsu-row > .tatsu-Hks_kSfuu.tatsu-column{width: 100%;}}@media only screen and (max-width: 767px) {.tatsu-row > .tatsu-Hks_kSfuu.tatsu-column{width: 100%;}}<\/style><\/div><\/div><\/div><\/div><div class=\"tatsu-section-background-wrap\"><div class = \"tatsu-section-background\" ><\/div><\/div><div class=\"tatsu-overlay tatsu-section-overlay\"><\/div><style>.tatsu-HkWsuyBMuO.tatsu-section{background-color: rgba(0,0,0,1);}.tatsu-HkWsuyBMuO .tatsu-section-pad{padding: 90px 0px 90px 0px;}.tatsu-HkWsuyBMuO .tatsu-section-offset-wrap{transform: translateY(-0px);}.tatsu-HkWsuyBMuO > .tatsu-bottom-divider{z-index: 9999;}.tatsu-HkWsuyBMuO > .tatsu-top-divider{z-index: 9999;}.tatsu-HkWsuyBMuO .tatsu-section-overlay{mix-blend-mode: normal;}<\/style><\/div>\n","protected":false},"excerpt":{"rendered":"<p><a href=\"https:\/\/dapenalaw.com\/Espanol\/\" class=\"more-link style1-button\">Read More<\/a><\/p>","protected":false},"author":1,"featured_media":0,"parent":0,"menu_order":0,"comment_status":"closed","ping_status":"closed","template":"","meta":{"footnotes":""},"class_list":["post-291","page","type-page","status-publish","hentry"],"_links":{"self":[{"href":"https:\/\/dapenalaw.com\/Espanol\/wp-json\/wp\/v2\/pages\/291","targetHints":{"allow":["GET"]}}],"collection":[{"href":"https:\/\/dapenalaw.com\/Espanol\/wp-json\/wp\/v2\/pages"}],"about":[{"href":"https:\/\/dapenalaw.com\/Espanol\/wp-json\/wp\/v2\/types\/page"}],"author":[{"embeddable":true,"href":"https:\/\/dapenalaw.com\/Espanol\/wp-json\/wp\/v2\/users\/1"}],"replies":[{"embeddable":true,"href":"https:\/\/dapenalaw.com\/Espanol\/wp-json\/wp\/v2\/comments?post=291"}],"version-history":[{"count":11,"href":"https:\/\/dapenalaw.com\/Espanol\/wp-json\/wp\/v2\/pages\/291\/revisions"}],"predecessor-version":[{"id":471,"href":"https:\/\/dapenalaw.com\/Espanol\/wp-json\/wp\/v2\/pages\/291\/revisions\/471"}],"wp:attachment":[{"href":"https:\/\/dapenalaw.com\/Espanol\/wp-json\/wp\/v2\/media?parent=291"}],"curies":[{"name":"wp","href":"https:\/\/api.w.org\/{rel}","templated":true}]}}